{"id":3474,"date":"2023-07-11T07:51:50","date_gmt":"2023-07-11T07:51:50","guid":{"rendered":"https:\/\/allianzglobaldara.com\/qui-som\/"},"modified":"2025-10-07T10:10:51","modified_gmt":"2025-10-07T10:10:51","slug":"quienes-somos","status":"publish","type":"page","link":"https:\/\/allianzglobaldara.com\/es\/quienes-somos\/","title":{"rendered":"Qui\u00e9nes somos"},"content":{"rendered":"<div class=\"wpb-content-wrapper\">[vc_row][vc_column width=\u00bb1\/2&#8243;][vc_single_image image=\u00bb32159&#8243; css=\u00bb\u00bb][\/vc_column][vc_column width=\u00bb1\/2&#8243;][vc_column_text]\n<h3>HISTORIA<\/h3>\n<p>Nuestros inicios se remontan al a\u00f1o 1996, cuando abrimos las puertas de nuestra agencia con la inauguraci\u00f3n del emblem\u00e1tico <strong>edificio Auto d&#8217;Ara<\/strong> . Nuestra vocaci\u00f3n se dirigi\u00f3 hacia los seguros de veh\u00edculos para ofrecerle las mejores opciones para cubrir las necesidades de los propietarios. En 2008 marc\u00f3 el inicio de una nueva fase, en la que ampliamos nuestra oferta para incluir toda la gama de productos de la prestigiosa compa\u00f1\u00eda <strong>Allianz<\/strong> . Esto nos permiti\u00f3 crear dos departamentos diferenciados: uno destinado a los <strong>particulares<\/strong> y otro enfocado a las <strong>empresas<\/strong> . Desarrollamos esta iniciativa con el esp\u00edritu de aportar valor a nuestros clientes, ofreciendo un abanico completo de soluciones para sus diversas necesidades. A lo largo de los a\u00f1os hemos adquirido varias carteras de agentes de Allianz en la zona del <strong>Maresme<\/strong> . Estas incorporaciones de clientes, junto con el crecimiento constante que hemos experimentado, nos han permitido convertirse en el referente en el asesoramiento asegurador en el Maresme. Con <strong>m\u00e1s de 4.000 clientes<\/strong> en cartera, nos sentimos honrados de la confianza que han depositado en nosotros. En el a\u00f1o 2021, dimos un paso m\u00e1s all\u00e1 con la creaci\u00f3n de nuestro departamento de productos <strong>de inversi\u00f3n<\/strong> , dotado de asesores especializados en este campo. Con este servicio, brindamos orientaci\u00f3n y soporte a nuestros clientes en cuestiones financieras, con el objetivo de contribuir a su bienestar econ\u00f3mico y futuro.[\/vc_column_text][\/vc_column][\/vc_row][vc_row][vc_column width=\u00bb1\/2&#8243;][vc_column_text css=\u00bb\u00bb]\n<h3>SOMOS LA AGENCIA ALLIANZ DE REFERENCIA EN EL MARESME<\/h3>\n<p>La excelencia y la \u00e9tica es el objetivo en todos los sectores en los que desarrollamos nuestras actividades. Esto implica trabajar siempre en vanguardia, con un esp\u00edritu de constante innovaci\u00f3n, y ofrecer a nuestros clientes un trato y resultados de calidad preferencial. Entendemos que nuestro origen y raz\u00f3n de ser implica una experiencia generacional que es, sin duda, un valor a\u00f1adido que redunda en beneficio de nuestros clientes Allianz Global d&#8217;Ara pertenece al grupo empresarial D&#8217;Ara Family Office . Empresa familiar dirigida por la familia Clavel desde 1924.[\/vc_column_text][\/vc_column][vc_column width=\u00bb1\/2&#8243;][vc_single_image image=\u00bb32165&#8243; css=\u00bb\u00bb][\/vc_column][\/vc_row][vc_row][vc_column width=\u00bb1\/2&#8243;][vc_single_image image=\u00bb31625&#8243; css=\u00bb\u00bb][\/vc_column][vc_column width=\u00bb1\/2&#8243;][vc_column_text css=\u00bb\u00bb]\n<h3>FAMILY OFFICE<\/h3>\n<p>La historia de <strong>D&#8217;Ara Family Office <\/strong>es la historia de una familia que, durante tres generaciones, ha sabido construir su futuro a base de trabajo, ilusi\u00f3n y visi\u00f3n de negocio, asumiendo que para que los sue\u00f1os se hagan realidad, hay que creer en ellos. El concepto tradicional de familia office (FO) se centra en un negocio dirigido por una sola familia. Sus principales funciones consisten en centralizar la gesti\u00f3n de un patrimonio familiar significativo. El objetivo es la transferencia del patrimonio entre generaciones.[\/vc_column_text][\/vc_column][\/vc_row][vc_row][vc_column width=\u00bb1\/2&#8243;][vc_column_text]\n<h3>PORQUE ESCOGERNOS<\/h3>\n<p><strong>Somos el epicentro de la excelencia aseguradora de Allianz<\/strong> , con un lugar privilegiado dentro de la compa\u00f1\u00eda para ofrecer un servicio excepcional y ventajas exclusivas a nuestros clientes. <strong>Nuestro equipo est\u00e1 compuesto por 6 asesores<\/strong> , cada uno de ellos un experto en \u00e1reas de negocio espec\u00edficas: particulares, empresas e inversi\u00f3n. Esta especializaci\u00f3n nos permite comprender profundamente las necesidades \u00fanicas de cada cliente y ofrecerle soluciones ajustadas. Con nuestra naturaleza como empresa familiar, la calidad del servicio y la proximidad con nuestros clientes son intr\u00ednsecos a nuestro ADN. Es lo que nos impulsa todos los d\u00edas, garantizando que cada cliente se sienta atendido y valorado. Para asegurar la comodidad de nuestros clientes, ponemos a su disposici\u00f3n <strong>dos oficinas presenciales<\/strong> en <strong>Matar\u00f3<\/strong> y <strong>Canet de Mar.<\/strong> Su conveniencia es nuestra prioridad. El establecimiento de m\u00faltiples canales de comunicaci\u00f3n <em>(WhatsApp, correo electr\u00f3nico, tel\u00e9fono y oficina f\u00edsica)<\/em> garantiza que estemos siempre al alcance de nuestros clientes. Estamos aqu\u00ed para ustedes, de la forma que sea m\u00e1s c\u00f3moda.[\/vc_column_text][\/vc_column][vc_column width=\u00bb1\/2&#8243;][vc_single_image image=\u00bb32168&#8243; css=\u00bb\u00bb][\/vc_column][\/vc_row]\n<\/div>","protected":false},"excerpt":{"rendered":"<p>[vc_row][vc_column width=\u00bb1\/2&#8243;][vc_single_image image=\u00bb32159&#8243; css=\u00bb\u00bb][\/vc_column][vc_column width=\u00bb1\/2&#8243;][vc_column_text] HISTORIA Nuestros inicios se remontan al a\u00f1o 1996, cuando abrimos las puertas de nuestra agencia con la inauguraci\u00f3n del emblem\u00e1tico edificio Auto d&#8217;Ara . Nuestra vocaci\u00f3n se dirigi\u00f3 hacia los seguros de veh\u00edculos para ofrecerle las mejores opciones para cubrir las necesidades de los propietarios. En 2008 marc\u00f3 el inicio&hellip;<\/p>\n","protected":false},"author":1,"featured_media":0,"parent":0,"menu_order":0,"comment_status":"closed","ping_status":"closed","template":"","meta":{"_joinchat":[],"footnotes":""},"class_list":["post-3474","page","type-page","status-publish","hentry","entry","no-media"],"yoast_head":"<!-- This site is optimized with the Yoast SEO plugin v26.9 - https:\/\/yoast.com\/product\/yoast-seo-wordpress\/ -->\n<title>Qui\u00e9nes somos - Allianz d&#039;Ara Grup<\/title>\n<meta name=\"robots\" content=\"index, follow, max-snippet:-1, max-image-preview:large, max-video-preview:-1\" \/>\n<link rel=\"canonical\" href=\"https:\/\/allianzglobaldara.com\/es\/quienes-somos\/\" \/>\n<meta property=\"og:locale\" content=\"es_ES\" \/>\n<meta property=\"og:type\" content=\"article\" \/>\n<meta property=\"og:title\" content=\"Qui\u00e9nes somos - Allianz d&#039;Ara Grup\" \/>\n<meta property=\"og:description\" content=\"[vc_row][vc_column width=\u00bb1\/2&#8243;][vc_single_image image=\u00bb32159&#8243; css=\u00bb\u00bb][\/vc_column][vc_column width=\u00bb1\/2&#8243;][vc_column_text] HISTORIA Nuestros inicios se remontan al a\u00f1o 1996, cuando abrimos las puertas de nuestra agencia con la inauguraci\u00f3n del emblem\u00e1tico edificio Auto d&#8217;Ara . Nuestra vocaci\u00f3n se dirigi\u00f3 hacia los seguros de veh\u00edculos para ofrecerle las mejores opciones para cubrir las necesidades de los propietarios. En 2008 marc\u00f3 el inicio&hellip;\" \/>\n<meta property=\"og:url\" content=\"https:\/\/allianzglobaldara.com\/es\/quienes-somos\/\" \/>\n<meta property=\"og:site_name\" content=\"Allianz d&#039;Ara Grup\" \/>\n<meta property=\"article:modified_time\" content=\"2025-10-07T10:10:51+00:00\" \/>\n<meta name=\"twitter:card\" content=\"summary_large_image\" \/>\n<meta name=\"twitter:label1\" content=\"Tiempo de lectura\" \/>\n\t<meta name=\"twitter:data1\" content=\"5 minutos\" \/>\n<script type=\"application\/ld+json\" class=\"yoast-schema-graph\">{\"@context\":\"https:\/\/schema.org\",\"@graph\":[{\"@type\":\"WebPage\",\"@id\":\"https:\/\/allianzglobaldara.com\/es\/quienes-somos\/\",\"url\":\"https:\/\/allianzglobaldara.com\/es\/quienes-somos\/\",\"name\":\"Qui\u00e9nes somos - Allianz d&#039;Ara Grup\",\"isPartOf\":{\"@id\":\"https:\/\/allianzglobaldara.com\/#website\"},\"datePublished\":\"2023-07-11T07:51:50+00:00\",\"dateModified\":\"2025-10-07T10:10:51+00:00\",\"breadcrumb\":{\"@id\":\"https:\/\/allianzglobaldara.com\/es\/quienes-somos\/#breadcrumb\"},\"inLanguage\":\"es\",\"potentialAction\":[{\"@type\":\"ReadAction\",\"target\":[\"https:\/\/allianzglobaldara.com\/es\/quienes-somos\/\"]}]},{\"@type\":\"BreadcrumbList\",\"@id\":\"https:\/\/allianzglobaldara.com\/es\/quienes-somos\/#breadcrumb\",\"itemListElement\":[{\"@type\":\"ListItem\",\"position\":1,\"name\":\"Home\",\"item\":\"https:\/\/allianzglobaldara.com\/es\/\"},{\"@type\":\"ListItem\",\"position\":2,\"name\":\"Qui\u00e9nes somos\"}]},{\"@type\":\"WebSite\",\"@id\":\"https:\/\/allianzglobaldara.com\/#website\",\"url\":\"https:\/\/allianzglobaldara.com\/\",\"name\":\"Allianz d&#039;Ara Grup\",\"description\":\"Ag\u00e8ncia d&#039;Assegurances Allianz a Matar\u00f3\",\"publisher\":{\"@id\":\"https:\/\/allianzglobaldara.com\/#organization\"},\"potentialAction\":[{\"@type\":\"SearchAction\",\"target\":{\"@type\":\"EntryPoint\",\"urlTemplate\":\"https:\/\/allianzglobaldara.com\/?s={search_term_string}\"},\"query-input\":{\"@type\":\"PropertyValueSpecification\",\"valueRequired\":true,\"valueName\":\"search_term_string\"}}],\"inLanguage\":\"es\"},{\"@type\":\"Organization\",\"@id\":\"https:\/\/allianzglobaldara.com\/#organization\",\"name\":\"Allianz d&#039;Ara Grup\",\"url\":\"https:\/\/allianzglobaldara.com\/\",\"logo\":{\"@type\":\"ImageObject\",\"inLanguage\":\"es\",\"@id\":\"https:\/\/allianzglobaldara.com\/#\/schema\/logo\/image\/\",\"url\":\"https:\/\/allianzglobaldara.com\/wp-content\/uploads\/2024\/03\/FAMILY-OFFICE-dARA-13-1.png\",\"contentUrl\":\"https:\/\/allianzglobaldara.com\/wp-content\/uploads\/2024\/03\/FAMILY-OFFICE-dARA-13-1.png\",\"width\":472,\"height\":194,\"caption\":\"Allianz d&#039;Ara Grup\"},\"image\":{\"@id\":\"https:\/\/allianzglobaldara.com\/#\/schema\/logo\/image\/\"}}]}<\/script>\n<!-- \/ Yoast SEO plugin. -->","yoast_head_json":{"title":"Qui\u00e9nes somos - Allianz d&#039;Ara Grup","robots":{"index":"index","follow":"follow","max-snippet":"max-snippet:-1","max-image-preview":"max-image-preview:large","max-video-preview":"max-video-preview:-1"},"canonical":"https:\/\/allianzglobaldara.com\/es\/quienes-somos\/","og_locale":"es_ES","og_type":"article","og_title":"Qui\u00e9nes somos - Allianz d&#039;Ara Grup","og_description":"[vc_row][vc_column width=\u00bb1\/2&#8243;][vc_single_image image=\u00bb32159&#8243; css=\u00bb\u00bb][\/vc_column][vc_column width=\u00bb1\/2&#8243;][vc_column_text] HISTORIA Nuestros inicios se remontan al a\u00f1o 1996, cuando abrimos las puertas de nuestra agencia con la inauguraci\u00f3n del emblem\u00e1tico edificio Auto d&#8217;Ara . Nuestra vocaci\u00f3n se dirigi\u00f3 hacia los seguros de veh\u00edculos para ofrecerle las mejores opciones para cubrir las necesidades de los propietarios. En 2008 marc\u00f3 el inicio&hellip;","og_url":"https:\/\/allianzglobaldara.com\/es\/quienes-somos\/","og_site_name":"Allianz d&#039;Ara Grup","article_modified_time":"2025-10-07T10:10:51+00:00","twitter_card":"summary_large_image","twitter_misc":{"Tiempo de lectura":"5 minutos"},"schema":{"@context":"https:\/\/schema.org","@graph":[{"@type":"WebPage","@id":"https:\/\/allianzglobaldara.com\/es\/quienes-somos\/","url":"https:\/\/allianzglobaldara.com\/es\/quienes-somos\/","name":"Qui\u00e9nes somos - Allianz d&#039;Ara Grup","isPartOf":{"@id":"https:\/\/allianzglobaldara.com\/#website"},"datePublished":"2023-07-11T07:51:50+00:00","dateModified":"2025-10-07T10:10:51+00:00","breadcrumb":{"@id":"https:\/\/allianzglobaldara.com\/es\/quienes-somos\/#breadcrumb"},"inLanguage":"es","potentialAction":[{"@type":"ReadAction","target":["https:\/\/allianzglobaldara.com\/es\/quienes-somos\/"]}]},{"@type":"BreadcrumbList","@id":"https:\/\/allianzglobaldara.com\/es\/quienes-somos\/#breadcrumb","itemListElement":[{"@type":"ListItem","position":1,"name":"Home","item":"https:\/\/allianzglobaldara.com\/es\/"},{"@type":"ListItem","position":2,"name":"Qui\u00e9nes somos"}]},{"@type":"WebSite","@id":"https:\/\/allianzglobaldara.com\/#website","url":"https:\/\/allianzglobaldara.com\/","name":"Allianz d&#039;Ara Grup","description":"Ag\u00e8ncia d&#039;Assegurances Allianz a Matar\u00f3","publisher":{"@id":"https:\/\/allianzglobaldara.com\/#organization"},"potentialAction":[{"@type":"SearchAction","target":{"@type":"EntryPoint","urlTemplate":"https:\/\/allianzglobaldara.com\/?s={search_term_string}"},"query-input":{"@type":"PropertyValueSpecification","valueRequired":true,"valueName":"search_term_string"}}],"inLanguage":"es"},{"@type":"Organization","@id":"https:\/\/allianzglobaldara.com\/#organization","name":"Allianz d&#039;Ara Grup","url":"https:\/\/allianzglobaldara.com\/","logo":{"@type":"ImageObject","inLanguage":"es","@id":"https:\/\/allianzglobaldara.com\/#\/schema\/logo\/image\/","url":"https:\/\/allianzglobaldara.com\/wp-content\/uploads\/2024\/03\/FAMILY-OFFICE-dARA-13-1.png","contentUrl":"https:\/\/allianzglobaldara.com\/wp-content\/uploads\/2024\/03\/FAMILY-OFFICE-dARA-13-1.png","width":472,"height":194,"caption":"Allianz d&#039;Ara Grup"},"image":{"@id":"https:\/\/allianzglobaldara.com\/#\/schema\/logo\/image\/"}}]}},"_links":{"self":[{"href":"https:\/\/allianzglobaldara.com\/es\/wp-json\/wp\/v2\/pages\/3474","targetHints":{"allow":["GET"]}}],"collection":[{"href":"https:\/\/allianzglobaldara.com\/es\/wp-json\/wp\/v2\/pages"}],"about":[{"href":"https:\/\/allianzglobaldara.com\/es\/wp-json\/wp\/v2\/types\/page"}],"author":[{"embeddable":true,"href":"https:\/\/allianzglobaldara.com\/es\/wp-json\/wp\/v2\/users\/1"}],"replies":[{"embeddable":true,"href":"https:\/\/allianzglobaldara.com\/es\/wp-json\/wp\/v2\/comments?post=3474"}],"version-history":[{"count":8,"href":"https:\/\/allianzglobaldara.com\/es\/wp-json\/wp\/v2\/pages\/3474\/revisions"}],"predecessor-version":[{"id":34608,"href":"https:\/\/allianzglobaldara.com\/es\/wp-json\/wp\/v2\/pages\/3474\/revisions\/34608"}],"wp:attachment":[{"href":"https:\/\/allianzglobaldara.com\/es\/wp-json\/wp\/v2\/media?parent=3474"}],"curies":[{"name":"wp","href":"https:\/\/api.w.org\/{rel}","templated":true}]}}