{"id":3466,"date":"2023-05-15T08:39:46","date_gmt":"2023-05-15T08:39:46","guid":{"rendered":"https:\/\/allianzglobaldara.com\/contacte-2\/"},"modified":"2025-02-10T11:58:02","modified_gmt":"2025-02-10T11:58:02","slug":"contacte-2","status":"publish","type":"page","link":"https:\/\/allianzglobaldara.com\/es\/contacte-2\/","title":{"rendered":"Contacto"},"content":{"rendered":"<div class=\"wpb-content-wrapper\">[vc_row full_width=\u00bbstretch_row_content_no_spaces\u00bb][vc_column][vc_gmaps link=\u00bb#E-8_JTNDaWZyYW1lJTIwc3JjJTNEJTIyaHR0cHMlM0ElMkYlMkZ3d3cuZ29vZ2xlLmNvbSUyRm1hcHMlMkZlbWJlZCUzRnBiJTNEJTIxMW0xOCUyMTFtMTIlMjExbTMlMjExZDUwNzIuMTc5ODM2NTQ2Nzk2JTIxMmQyLjQyOTUyNzM3OTAxMDM0NjQlMjEzZDQxLjUyNTA1NTU2NTc2ODE4NCUyMTJtMyUyMTFmMCUyMTJmMCUyMTNmMCUyMTNtMiUyMTFpMTAyNCUyMTJpNzY4JTIxNGYxMy4xJTIxM20zJTIxMW0yJTIxMXMweDEyYTRiNTA3NGM1MzdhMjElMjUzQTB4YWY3YTJiZTI4NGRiMDNhNCUyMTJzQWxsaWFueiUyNTIwR2xvYmFsJTI1MjBEJTI1QzIlMjVCNEFyYSUyMTVlMCUyMTNtMiUyMTFzZXMlMjEyc2VzJTIxNHYxNzE1MjQ1NDE4NTA3JTIxNW0yJTIxMXNlcyUyMTJzZXMlMjIlMjB3aWR0aCUzRCUyMjYwMCUyMiUyMGhlaWdodCUzRCUyMjQ1MCUyMiUyMHN0eWxlJTNEJTIyYm9yZGVyJTNBMCUzQiUyMiUyMGFsbG93ZnVsbHNjcmVlbiUzRCUyMiUyMiUyMGxvYWRpbmclM0QlMjJsYXp5JTIyJTIwcmVmZXJyZXJwb2xpY3klM0QlMjJuby1yZWZlcnJlci13aGVuLWRvd25ncmFkZSUyMiUzRSUzQyUyRmlmcmFtZSUzRQ==\u00bb size=\u00bb300px\u00bb][\/vc_column][\/vc_row][vc_row full_width=\u00bbstretch_row_content_no_spaces\u00bb][vc_column][vc_gmaps link=\u00bb#E-8_JTNDaWZyYW1lJTIwc3JjJTNEJTIyaHR0cHMlM0ElMkYlMkZ3d3cuZ29vZ2xlLmNvbSUyRm1hcHMlMkZlbWJlZCUzRnBiJTNEJTIxMW0xOCUyMTFtMTIlMjExbTMlMjExZDI5ODMuODY3ODc0NzUyMzI3JTIxMmQyLjU3NzY3Nzk5OTk5OTk5OTclMjEzZDQxLjU5Mzc0MSUyMTJtMyUyMTFmMCUyMTJmMCUyMTNmMCUyMTNtMiUyMTFpMTAyNCUyMTJpNzY4JTIxNGYxMy4xJTIxM20zJTIxMW0yJTIxMXMweDEyYmIzNjRhZWM5ZjRjOWYlMjUzQTB4MTkwNWQ4ZDI5YmNjNzlmOCUyMTJzQWxsaWFueiUyNTIwU2VndXJvcyUyNTIwLSUyNTIwQWdlbmNpYSUyNTIwR2xvYmFsJTI1MjBEJTI1QzIlMjVCNEFyYSUyNTIwUy5MLiUyMTVlMCUyMTNtMiUyMTFzZXMlMjEyc2VzJTIxNHYxNzM5MTg4NDUyMDk3JTIxNW0yJTIxMXNlcyUyMTJzZXMlMjIlMjB3aWR0aCUzRCUyMjYwMCUyMiUyMGhlaWdodCUzRCUyMjQ1MCUyMiUyMHN0eWxlJTNEJTIyYm9yZGVyJTNBMCUzQiUyMiUyMGFsbG93ZnVsbHNjcmVlbiUzRCUyMiUyMiUyMGxvYWRpbmclM0QlMjJsYXp5JTIyJTIwcmVmZXJyZXJwb2xpY3klM0QlMjJuby1yZWZlcnJlci13aGVuLWRvd25ncmFkZSUyMiUzRSUzQyUyRmlmcmFtZSUzRQ==\u00bb size=\u00bb300px\u00bb css=\u00bb\u00bb][\/vc_column][\/vc_row][vc_row equal_height=\u00bbyes\u00bb remove_bottom_col_margin=\u00bbtrue\u00bb css=\u00bb.vc_custom_1689062073766{padding-top: -2% !important;padding-bottom: 2% !important;}\u00bb el_class=\u00bbsuperposicionmodulos\u00bb wpex_zindex=\u00bb999&#8243;][vc_column width=\u00bb1\/3&#8243; el_class=\u00bbBoxShadow3&#8243;][vc_icon icon_fontawesome=\u00bbfas fa-phone-alt\u00bb color=\u00bbwhite\u00bb background_style=\u00bbrounded\u00bb background_color=\u00bbcustom\u00bb align=\u00bbcenter\u00bb css=\u00bb.vc_custom_1684140164042{margin-bottom: 20px !important;}\u00bb custom_background_color=\u00bb#02579e\u00bb][vc_column_text]\n<h3 style=\"text-align: center;\">Ll\u00e1manos<\/h3>\n<p style=\"text-align: center;\">Matar\u00f3 <a href=\"tel:+34937573432\">+34 93 757 34 32<\/a> Canet de Mar <a href=\"tel:+34937940061\">+34 93 794 00 61<\/a><\/p>\n[\/vc_column_text][\/vc_column][vc_column width=\u00bb1\/3&#8243; el_class=\u00bbBoxShadow3&#8243;][vc_icon icon_fontawesome=\u00bbfas fa-envelope\u00bb color=\u00bbwhite\u00bb background_style=\u00bbrounded\u00bb background_color=\u00bbcustom\u00bb align=\u00bbcenter\u00bb css=\u00bb.vc_custom_1684140174614{margin-bottom: 20px !important;}\u00bb custom_background_color=\u00bb#02579e\u00bb][vc_column_text]\n<h3 style=\"text-align: center;\">Enviar un email<\/h3>\n<p style=\"text-align: center;\"><a href=\"mailto:info@globaldara.com\">info@globaldara.com<\/a><\/p>\n[\/vc_column_text][\/vc_column][vc_column width=\u00bb1\/3&#8243; el_class=\u00bbBoxShadow3&#8243;][vc_icon icon_fontawesome=\u00bbfar fa-clock\u00bb color=\u00bbwhite\u00bb background_style=\u00bbrounded\u00bb background_color=\u00bbcustom\u00bb align=\u00bbcenter\u00bb css=\u00bb.vc_custom_1689063539056{margin-bottom: 20px !important;}\u00bb custom_background_color=\u00bb#02579e\u00bb][vc_column_text]\n<h3 style=\"text-align: center;\">Horario de oficina<\/h3>\n<p style=\"text-align: center;\">9:00 a 14:00h <span style=\"font-weight: 400;\">15:00 a 18:00h<\/span> De lunes a viernes<\/p>\n[\/vc_column_text][\/vc_column][\/vc_row][vc_row gap=\u00bb30&#8243;][vc_column width=\u00bb1\/4&#8243;][vc_column_text css=\u00bb\u00bb]\n<h3>Para m\u00e1s informaci\u00f3n:<\/h3>\n<p><strong>Matar\u00f3<\/strong><br \/>\nAvinguda Cabrera, 36, Bajos, Edifici Torre d\u2019Ara \u2013 08302 Matar\u00f3<br \/>\n93 757 34 32<\/p>\n<p><strong>Canet de Mar<\/strong><br \/>\nRonda Dr. Angles, 23 \u2013 08360 Canet de Mar<br \/>\n937 94 00 61[\/vc_column_text][\/vc_column][vc_column width=\u00bb3\/4&#8243; css=\u00bb.vc_custom_1577092268117{border-top-width: 1px !important;border-right-width: 1px !important;border-bottom-width: 1px !important;border-left-width: 1px !important;padding-top: 3% !important;padding-right: 3% !important;padding-bottom: 3% !important;padding-left: 3% !important;border-left-color: #eaeaea !important;border-left-style: solid !important;border-right-color: #eaeaea !important;border-right-style: solid !important;border-top-color: #eaeaea !important;border-top-style: solid !important;border-bottom-color: #eaeaea !important;border-bottom-style: solid !important;border-radius: 5px !important;}\u00bb][vc_column_text]\n<h1>Formulario de Contacto<\/h1>\n<p>Los campos con * son obligatorios[\/vc_column_text]<div class=\"vcex-spacing wpex-w-100 wpex-clear\" style=\"height:20px;\"><\/div>\n<div class=\"wpcf7 no-js\" id=\"wpcf7-f3755-o1\" lang=\"es-ES\" dir=\"ltr\" data-wpcf7-id=\"3755\">\n<div class=\"screen-reader-response\"><p role=\"status\" aria-live=\"polite\" aria-atomic=\"true\"><\/p> <ul><\/ul><\/div>\n<form action=\"\/es\/wp-json\/wp\/v2\/pages\/3466#wpcf7-f3755-o1\" method=\"post\" class=\"wpcf7-form init\" aria-label=\"Formulario de contacto\" novalidate=\"novalidate\" data-status=\"init\">\n<fieldset class=\"hidden-fields-container\"><input type=\"hidden\" name=\"_wpcf7\" value=\"3755\" \/><input type=\"hidden\" name=\"_wpcf7_version\" value=\"6.1.5\" \/><input type=\"hidden\" name=\"_wpcf7_locale\" value=\"es_ES\" \/><input type=\"hidden\" name=\"_wpcf7_unit_tag\" value=\"wpcf7-f3755-o1\" \/><input type=\"hidden\" name=\"_wpcf7_container_post\" value=\"0\" \/><input type=\"hidden\" name=\"_wpcf7_posted_data_hash\" value=\"\" \/><input type=\"hidden\" name=\"_wpcf7_recaptcha_response\" value=\"\" \/>\n<\/fieldset>\n<div class=\"form-row\">\n\t<div class=\"column-half\">\n\t\t<p>Nombre (obligatorio) <span class=\"wpcf7-form-control-wrap\" data-name=\"your-name\"><input size=\"40\" maxlength=\"400\" class=\"wpcf7-form-control wpcf7-text wpcf7-validates-as-required\" aria-required=\"true\" aria-invalid=\"false\" value=\"\" type=\"text\" name=\"your-name\" \/><\/span>\n\t\t<\/p>\n\t<\/div>\n\t<div class=\"column-half\">\n\t\t<p>Email (obligatorio) <span class=\"wpcf7-form-control-wrap\" data-name=\"your-email\"><input size=\"40\" maxlength=\"400\" class=\"wpcf7-form-control wpcf7-email wpcf7-validates-as-required wpcf7-text wpcf7-validates-as-email\" aria-required=\"true\" aria-invalid=\"false\" value=\"\" type=\"email\" name=\"your-email\" \/><\/span>\n\t\t<\/p>\n\t<\/div>\n<\/div>\n<div class=\"form-row\">\n\t<div class=\"column-half\">\n\t\t<p>Tel\u00e9fono <span class=\"wpcf7-form-control-wrap\" data-name=\"tel-850\"><input size=\"40\" maxlength=\"400\" class=\"wpcf7-form-control wpcf7-tel wpcf7-validates-as-required wpcf7-text wpcf7-validates-as-tel\" aria-required=\"true\" aria-invalid=\"false\" value=\"\" type=\"tel\" name=\"tel-850\" \/><\/span>\n\t\t<\/p>\n\t<\/div>\n\t<div class=\"column-half\">\n\t\t<p>\u00bfYa eres clientes de Allianz Global d'Ara? <span class=\"wpcf7-form-control-wrap\" data-name=\"menu-85\"><select class=\"wpcf7-form-control wpcf7-select wpcf7-validates-as-required\" aria-required=\"true\" aria-invalid=\"false\" name=\"menu-85\"><option value=\"SI\">SI<\/option><option value=\"NO\">NO<\/option><\/select><\/span>\n\t\t<\/p>\n\t<\/div>\n<\/div>\n<div class=\"form-row\">\n\t<div class=\"column-full\">\n\t\t<p>Motivo: <span class=\"wpcf7-form-control-wrap\" data-name=\"your-subject\"><input size=\"40\" maxlength=\"400\" class=\"wpcf7-form-control wpcf7-text\" aria-invalid=\"false\" value=\"\" type=\"text\" name=\"your-subject\" \/><\/span>\n\t\t<\/p>\n\t<\/div>\n<\/div>\n<div class=\"form-row\">\n\t<div class=\"column-full\">\n\t\t<p>\u00bfQue quieres preguntar? <span class=\"wpcf7-form-control-wrap\" data-name=\"your-message\"><textarea cols=\"40\" rows=\"10\" maxlength=\"2000\" class=\"wpcf7-form-control wpcf7-textarea\" aria-invalid=\"false\" name=\"your-message\"><\/textarea><\/span>\n\t\t<\/p>\n\t<\/div>\n<\/div>\n<div class=\"form-row\">\n\t<div class=\"column-full\">\n\t\t<p><span><span class=\"wpcf7-form-control-wrap\" data-name=\"acceptance-1\"><span class=\"wpcf7-form-control wpcf7-acceptance\"><span class=\"wpcf7-list-item\"><input type=\"checkbox\" name=\"acceptance-1\" value=\"1\" aria-invalid=\"false\" \/><\/span><\/span><\/span>AUTORIZO el tratamiento de mis datos personales con el fin de atender mi contacto.<\/span><br \/>\n<span><span class=\"wpcf7-form-control-wrap\" data-name=\"acceptance-2\"><span class=\"wpcf7-form-control wpcf7-acceptance\"><span class=\"wpcf7-list-item\"><input type=\"checkbox\" name=\"acceptance-2\" value=\"1\" aria-invalid=\"false\" \/><\/span><\/span><\/span>AUTORIZO el tratamiento de mis datos personales con el fin de recibir comunicaciones comerciales, incluido por correo electr\u00f3nico y medios de comunicaci\u00f3n electr\u00f3nica equivalentes.<\/span>\n\t\t<\/p>\n\t\t<p style=\"font-size: 10px;text-align: justify;\"><br \/>\n<strong>Informaci\u00f3n b\u00e1sica sobre la Protecci\u00f3n de datos<\/strong> Responsable: GLOBAL D'ARA, S.L.;\n\t\t<\/p>\n\t\t<p>Finalidad 1: Atender su contacto;<br \/>\nFinalidad 2: El env\u00edo de comunicaciones comerciales, incluido por correo electr\u00f3nico o medios de comunicaci\u00f3n electr\u00f3nica equivalentes, si nos da su consentimiento.; Derechos: Tiene derecho a acceder, rectificar y suprimir los datos, as\u00ed como otros derechos, indicados en la informaci\u00f3n adicional; Informaci\u00f3n adicional: Puede consultar la informaci\u00f3n adicional y detallada sobre Protecci\u00f3n de Datos en nuestra p\u00e1gina web:<a href=\"https:\/\/allianzdaragrup.com\/politica-de-privacidad\/#1623237718698-8be5f1c2-e029\"> Aqu\u00ed<\/a>\n\t\t<\/p>\n\t<\/div>\n<\/div>\n<div class=\"form-row\">\n\t<div class=\"column-full\">\n\t\t<p><input class=\"wpcf7-form-control wpcf7-submit has-spinner\" type=\"submit\" value=\"Enviar\" \/>\n\t\t<\/p>\n\t<\/div>\n<\/div><p style=\"display: none !important;\" class=\"akismet-fields-container\" data-prefix=\"_wpcf7_ak_\"><label>&#916;<textarea name=\"_wpcf7_ak_hp_textarea\" cols=\"45\" rows=\"8\" maxlength=\"100\"><\/textarea><\/label><input type=\"hidden\" id=\"ak_js_1\" name=\"_wpcf7_ak_js\" value=\"195\"\/><script>document.getElementById( \"ak_js_1\" ).setAttribute( \"value\", ( new Date() ).getTime() );<\/script><\/p><input type='hidden' class='wpcf7-pum' value='{\"closepopup\":false,\"closedelay\":0,\"openpopup\":false,\"openpopup_id\":0}' \/><div class=\"wpcf7-response-output\" aria-hidden=\"true\"><\/div>\n<\/form>\n<\/div>\n[\/vc_column][\/vc_row]\n<\/div>","protected":false},"excerpt":{"rendered":"<p>[vc_row full_width=\u00bbstretch_row_content_no_spaces\u00bb][vc_column][vc_gmaps link=\u00bb#E-8_JTNDaWZyYW1lJTIwc3JjJTNEJTIyaHR0cHMlM0ElMkYlMkZ3d3cuZ29vZ2xlLmNvbSUyRm1hcHMlMkZlbWJlZCUzRnBiJTNEJTIxMW0xOCUyMTFtMTIlMjExbTMlMjExZDUwNzIuMTc5ODM2NTQ2Nzk2JTIxMmQyLjQyOTUyNzM3OTAxMDM0NjQlMjEzZDQxLjUyNTA1NTU2NTc2ODE4NCUyMTJtMyUyMTFmMCUyMTJmMCUyMTNmMCUyMTNtMiUyMTFpMTAyNCUyMTJpNzY4JTIxNGYxMy4xJTIxM20zJTIxMW0yJTIxMXMweDEyYTRiNTA3NGM1MzdhMjElMjUzQTB4YWY3YTJiZTI4NGRiMDNhNCUyMTJzQWxsaWFueiUyNTIwR2xvYmFsJTI1MjBEJTI1QzIlMjVCNEFyYSUyMTVlMCUyMTNtMiUyMTFzZXMlMjEyc2VzJTIxNHYxNzE1MjQ1NDE4NTA3JTIxNW0yJTIxMXNlcyUyMTJzZXMlMjIlMjB3aWR0aCUzRCUyMjYwMCUyMiUyMGhlaWdodCUzRCUyMjQ1MCUyMiUyMHN0eWxlJTNEJTIyYm9yZGVyJTNBMCUzQiUyMiUyMGFsbG93ZnVsbHNjcmVlbiUzRCUyMiUyMiUyMGxvYWRpbmclM0QlMjJsYXp5JTIyJTIwcmVmZXJyZXJwb2xpY3klM0QlMjJuby1yZWZlcnJlci13aGVuLWRvd25ncmFkZSUyMiUzRSUzQyUyRmlmcmFtZSUzRQ==\u00bb size=\u00bb300px\u00bb][\/vc_column][\/vc_row][vc_row full_width=\u00bbstretch_row_content_no_spaces\u00bb][vc_column][vc_gmaps link=\u00bb#E-8_JTNDaWZyYW1lJTIwc3JjJTNEJTIyaHR0cHMlM0ElMkYlMkZ3d3cuZ29vZ2xlLmNvbSUyRm1hcHMlMkZlbWJlZCUzRnBiJTNEJTIxMW0xOCUyMTFtMTIlMjExbTMlMjExZDI5ODMuODY3ODc0NzUyMzI3JTIxMmQyLjU3NzY3Nzk5OTk5OTk5OTclMjEzZDQxLjU5Mzc0MSUyMTJtMyUyMTFmMCUyMTJmMCUyMTNmMCUyMTNtMiUyMTFpMTAyNCUyMTJpNzY4JTIxNGYxMy4xJTIxM20zJTIxMW0yJTIxMXMweDEyYmIzNjRhZWM5ZjRjOWYlMjUzQTB4MTkwNWQ4ZDI5YmNjNzlmOCUyMTJzQWxsaWFueiUyNTIwU2VndXJvcyUyNTIwLSUyNTIwQWdlbmNpYSUyNTIwR2xvYmFsJTI1MjBEJTI1QzIlMjVCNEFyYSUyNTIwUy5MLiUyMTVlMCUyMTNtMiUyMTFzZXMlMjEyc2VzJTIxNHYxNzM5MTg4NDUyMDk3JTIxNW0yJTIxMXNlcyUyMTJzZXMlMjIlMjB3aWR0aCUzRCUyMjYwMCUyMiUyMGhlaWdodCUzRCUyMjQ1MCUyMiUyMHN0eWxlJTNEJTIyYm9yZGVyJTNBMCUzQiUyMiUyMGFsbG93ZnVsbHNjcmVlbiUzRCUyMiUyMiUyMGxvYWRpbmclM0QlMjJsYXp5JTIyJTIwcmVmZXJyZXJwb2xpY3klM0QlMjJuby1yZWZlcnJlci13aGVuLWRvd25ncmFkZSUyMiUzRSUzQyUyRmlmcmFtZSUzRQ==\u00bb size=\u00bb300px\u00bb css=\u00bb\u00bb][\/vc_column][\/vc_row][vc_row equal_height=\u00bbyes\u00bb remove_bottom_col_margin=\u00bbtrue\u00bb css=\u00bb.vc_custom_1689062073766{padding-top: -2% !important;padding-bottom: 2% !important;}\u00bb el_class=\u00bbsuperposicionmodulos\u00bb wpex_zindex=\u00bb999&#8243;][vc_column width=\u00bb1\/3&#8243; el_class=\u00bbBoxShadow3&#8243;][vc_icon icon_fontawesome=\u00bbfas fa-phone-alt\u00bb color=\u00bbwhite\u00bb background_style=\u00bbrounded\u00bb background_color=\u00bbcustom\u00bb align=\u00bbcenter\u00bb css=\u00bb.vc_custom_1684140164042{margin-bottom: 20px !important;}\u00bb custom_background_color=\u00bb#02579e\u00bb][vc_column_text] Ll\u00e1manos Matar\u00f3 +34 93 757 34 32 Canet de Mar +34 93 794 00 61 [\/vc_column_text][\/vc_column][vc_column width=\u00bb1\/3&#8243; el_class=\u00bbBoxShadow3&#8243;][vc_icon icon_fontawesome=\u00bbfas fa-envelope\u00bb color=\u00bbwhite\u00bb background_style=\u00bbrounded\u00bb background_color=\u00bbcustom\u00bb align=\u00bbcenter\u00bb css=\u00bb.vc_custom_1684140174614{margin-bottom: 20px&hellip;<\/p>\n","protected":false},"author":1,"featured_media":0,"parent":0,"menu_order":0,"comment_status":"closed","ping_status":"closed","template":"","meta":{"_joinchat":[],"footnotes":""},"class_list":["post-3466","page","type-page","status-publish","hentry","entry","no-media"],"yoast_head":"<!-- This site is optimized with the Yoast SEO plugin v26.9 - https:\/\/yoast.com\/product\/yoast-seo-wordpress\/ -->\n<title>Contacto - Allianz d&#039;Ara Grup<\/title>\n<meta name=\"robots\" content=\"index, follow, max-snippet:-1, max-image-preview:large, max-video-preview:-1\" \/>\n<link rel=\"canonical\" href=\"https:\/\/allianzglobaldara.com\/es\/contacte-2\/\" \/>\n<meta property=\"og:locale\" content=\"es_ES\" \/>\n<meta property=\"og:type\" content=\"article\" \/>\n<meta property=\"og:title\" content=\"Contacto - Allianz d&#039;Ara Grup\" \/>\n<meta property=\"og:description\" content=\"[vc_row full_width=\u00bbstretch_row_content_no_spaces\u00bb][vc_column][vc_gmaps link=\u00bb#E-8_JTNDaWZyYW1lJTIwc3JjJTNEJTIyaHR0cHMlM0ElMkYlMkZ3d3cuZ29vZ2xlLmNvbSUyRm1hcHMlMkZlbWJlZCUzRnBiJTNEJTIxMW0xOCUyMTFtMTIlMjExbTMlMjExZDUwNzIuMTc5ODM2NTQ2Nzk2JTIxMmQyLjQyOTUyNzM3OTAxMDM0NjQlMjEzZDQxLjUyNTA1NTU2NTc2ODE4NCUyMTJtMyUyMTFmMCUyMTJmMCUyMTNmMCUyMTNtMiUyMTFpMTAyNCUyMTJpNzY4JTIxNGYxMy4xJTIxM20zJTIxMW0yJTIxMXMweDEyYTRiNTA3NGM1MzdhMjElMjUzQTB4YWY3YTJiZTI4NGRiMDNhNCUyMTJzQWxsaWFueiUyNTIwR2xvYmFsJTI1MjBEJTI1QzIlMjVCNEFyYSUyMTVlMCUyMTNtMiUyMTFzZXMlMjEyc2VzJTIxNHYxNzE1MjQ1NDE4NTA3JTIxNW0yJTIxMXNlcyUyMTJzZXMlMjIlMjB3aWR0aCUzRCUyMjYwMCUyMiUyMGhlaWdodCUzRCUyMjQ1MCUyMiUyMHN0eWxlJTNEJTIyYm9yZGVyJTNBMCUzQiUyMiUyMGFsbG93ZnVsbHNjcmVlbiUzRCUyMiUyMiUyMGxvYWRpbmclM0QlMjJsYXp5JTIyJTIwcmVmZXJyZXJwb2xpY3klM0QlMjJuby1yZWZlcnJlci13aGVuLWRvd25ncmFkZSUyMiUzRSUzQyUyRmlmcmFtZSUzRQ==\u00bb size=\u00bb300px\u00bb][\/vc_column][\/vc_row][vc_row full_width=\u00bbstretch_row_content_no_spaces\u00bb][vc_column][vc_gmaps link=\u00bb#E-8_JTNDaWZyYW1lJTIwc3JjJTNEJTIyaHR0cHMlM0ElMkYlMkZ3d3cuZ29vZ2xlLmNvbSUyRm1hcHMlMkZlbWJlZCUzRnBiJTNEJTIxMW0xOCUyMTFtMTIlMjExbTMlMjExZDI5ODMuODY3ODc0NzUyMzI3JTIxMmQyLjU3NzY3Nzk5OTk5OTk5OTclMjEzZDQxLjU5Mzc0MSUyMTJtMyUyMTFmMCUyMTJmMCUyMTNmMCUyMTNtMiUyMTFpMTAyNCUyMTJpNzY4JTIxNGYxMy4xJTIxM20zJTIxMW0yJTIxMXMweDEyYmIzNjRhZWM5ZjRjOWYlMjUzQTB4MTkwNWQ4ZDI5YmNjNzlmOCUyMTJzQWxsaWFueiUyNTIwU2VndXJvcyUyNTIwLSUyNTIwQWdlbmNpYSUyNTIwR2xvYmFsJTI1MjBEJTI1QzIlMjVCNEFyYSUyNTIwUy5MLiUyMTVlMCUyMTNtMiUyMTFzZXMlMjEyc2VzJTIxNHYxNzM5MTg4NDUyMDk3JTIxNW0yJTIxMXNlcyUyMTJzZXMlMjIlMjB3aWR0aCUzRCUyMjYwMCUyMiUyMGhlaWdodCUzRCUyMjQ1MCUyMiUyMHN0eWxlJTNEJTIyYm9yZGVyJTNBMCUzQiUyMiUyMGFsbG93ZnVsbHNjcmVlbiUzRCUyMiUyMiUyMGxvYWRpbmclM0QlMjJsYXp5JTIyJTIwcmVmZXJyZXJwb2xpY3klM0QlMjJuby1yZWZlcnJlci13aGVuLWRvd25ncmFkZSUyMiUzRSUzQyUyRmlmcmFtZSUzRQ==\u00bb size=\u00bb300px\u00bb css=\u00bb\u00bb][\/vc_column][\/vc_row][vc_row equal_height=\u00bbyes\u00bb remove_bottom_col_margin=\u00bbtrue\u00bb css=\u00bb.vc_custom_1689062073766{padding-top: -2% !important;padding-bottom: 2% !important;}\u00bb el_class=\u00bbsuperposicionmodulos\u00bb wpex_zindex=\u00bb999&#8243;][vc_column width=\u00bb1\/3&#8243; el_class=\u00bbBoxShadow3&#8243;][vc_icon icon_fontawesome=\u00bbfas fa-phone-alt\u00bb color=\u00bbwhite\u00bb background_style=\u00bbrounded\u00bb background_color=\u00bbcustom\u00bb align=\u00bbcenter\u00bb css=\u00bb.vc_custom_1684140164042{margin-bottom: 20px !important;}\u00bb custom_background_color=\u00bb#02579e\u00bb][vc_column_text] Ll\u00e1manos Matar\u00f3 +34 93 757 34 32 Canet de Mar +34 93 794 00 61 [\/vc_column_text][\/vc_column][vc_column width=\u00bb1\/3&#8243; el_class=\u00bbBoxShadow3&#8243;][vc_icon icon_fontawesome=\u00bbfas fa-envelope\u00bb color=\u00bbwhite\u00bb background_style=\u00bbrounded\u00bb background_color=\u00bbcustom\u00bb align=\u00bbcenter\u00bb css=\u00bb.vc_custom_1684140174614{margin-bottom: 20px&hellip;\" \/>\n<meta property=\"og:url\" content=\"https:\/\/allianzglobaldara.com\/es\/contacte-2\/\" \/>\n<meta property=\"og:site_name\" content=\"Allianz d&#039;Ara Grup\" \/>\n<meta property=\"article:modified_time\" content=\"2025-02-10T11:58:02+00:00\" \/>\n<meta name=\"twitter:card\" content=\"summary_large_image\" \/>\n<meta name=\"twitter:label1\" content=\"Tiempo de lectura\" \/>\n\t<meta name=\"twitter:data1\" content=\"1 minuto\" \/>\n<script type=\"application\/ld+json\" class=\"yoast-schema-graph\">{\"@context\":\"https:\/\/schema.org\",\"@graph\":[{\"@type\":\"WebPage\",\"@id\":\"https:\/\/allianzglobaldara.com\/es\/contacte-2\/\",\"url\":\"https:\/\/allianzglobaldara.com\/es\/contacte-2\/\",\"name\":\"Contacto - Allianz d&#039;Ara Grup\",\"isPartOf\":{\"@id\":\"https:\/\/allianzglobaldara.com\/#website\"},\"datePublished\":\"2023-05-15T08:39:46+00:00\",\"dateModified\":\"2025-02-10T11:58:02+00:00\",\"breadcrumb\":{\"@id\":\"https:\/\/allianzglobaldara.com\/es\/contacte-2\/#breadcrumb\"},\"inLanguage\":\"es\",\"potentialAction\":[{\"@type\":\"ReadAction\",\"target\":[\"https:\/\/allianzglobaldara.com\/es\/contacte-2\/\"]}]},{\"@type\":\"BreadcrumbList\",\"@id\":\"https:\/\/allianzglobaldara.com\/es\/contacte-2\/#breadcrumb\",\"itemListElement\":[{\"@type\":\"ListItem\",\"position\":1,\"name\":\"Home\",\"item\":\"https:\/\/allianzglobaldara.com\/es\/\"},{\"@type\":\"ListItem\",\"position\":2,\"name\":\"Contacto\"}]},{\"@type\":\"WebSite\",\"@id\":\"https:\/\/allianzglobaldara.com\/#website\",\"url\":\"https:\/\/allianzglobaldara.com\/\",\"name\":\"Allianz d&#039;Ara Grup\",\"description\":\"Ag\u00e8ncia d&#039;Assegurances Allianz a Matar\u00f3\",\"publisher\":{\"@id\":\"https:\/\/allianzglobaldara.com\/#organization\"},\"potentialAction\":[{\"@type\":\"SearchAction\",\"target\":{\"@type\":\"EntryPoint\",\"urlTemplate\":\"https:\/\/allianzglobaldara.com\/?s={search_term_string}\"},\"query-input\":{\"@type\":\"PropertyValueSpecification\",\"valueRequired\":true,\"valueName\":\"search_term_string\"}}],\"inLanguage\":\"es\"},{\"@type\":\"Organization\",\"@id\":\"https:\/\/allianzglobaldara.com\/#organization\",\"name\":\"Allianz d&#039;Ara Grup\",\"url\":\"https:\/\/allianzglobaldara.com\/\",\"logo\":{\"@type\":\"ImageObject\",\"inLanguage\":\"es\",\"@id\":\"https:\/\/allianzglobaldara.com\/#\/schema\/logo\/image\/\",\"url\":\"https:\/\/allianzglobaldara.com\/wp-content\/uploads\/2024\/03\/FAMILY-OFFICE-dARA-13-1.png\",\"contentUrl\":\"https:\/\/allianzglobaldara.com\/wp-content\/uploads\/2024\/03\/FAMILY-OFFICE-dARA-13-1.png\",\"width\":472,\"height\":194,\"caption\":\"Allianz d&#039;Ara Grup\"},\"image\":{\"@id\":\"https:\/\/allianzglobaldara.com\/#\/schema\/logo\/image\/\"}}]}<\/script>\n<!-- \/ Yoast SEO plugin. -->","yoast_head_json":{"title":"Contacto - Allianz d&#039;Ara Grup","robots":{"index":"index","follow":"follow","max-snippet":"max-snippet:-1","max-image-preview":"max-image-preview:large","max-video-preview":"max-video-preview:-1"},"canonical":"https:\/\/allianzglobaldara.com\/es\/contacte-2\/","og_locale":"es_ES","og_type":"article","og_title":"Contacto - Allianz d&#039;Ara Grup","og_description":"[vc_row full_width=\u00bbstretch_row_content_no_spaces\u00bb][vc_column][vc_gmaps link=\u00bb#E-8_JTNDaWZyYW1lJTIwc3JjJTNEJTIyaHR0cHMlM0ElMkYlMkZ3d3cuZ29vZ2xlLmNvbSUyRm1hcHMlMkZlbWJlZCUzRnBiJTNEJTIxMW0xOCUyMTFtMTIlMjExbTMlMjExZDUwNzIuMTc5ODM2NTQ2Nzk2JTIxMmQyLjQyOTUyNzM3OTAxMDM0NjQlMjEzZDQxLjUyNTA1NTU2NTc2ODE4NCUyMTJtMyUyMTFmMCUyMTJmMCUyMTNmMCUyMTNtMiUyMTFpMTAyNCUyMTJpNzY4JTIxNGYxMy4xJTIxM20zJTIxMW0yJTIxMXMweDEyYTRiNTA3NGM1MzdhMjElMjUzQTB4YWY3YTJiZTI4NGRiMDNhNCUyMTJzQWxsaWFueiUyNTIwR2xvYmFsJTI1MjBEJTI1QzIlMjVCNEFyYSUyMTVlMCUyMTNtMiUyMTFzZXMlMjEyc2VzJTIxNHYxNzE1MjQ1NDE4NTA3JTIxNW0yJTIxMXNlcyUyMTJzZXMlMjIlMjB3aWR0aCUzRCUyMjYwMCUyMiUyMGhlaWdodCUzRCUyMjQ1MCUyMiUyMHN0eWxlJTNEJTIyYm9yZGVyJTNBMCUzQiUyMiUyMGFsbG93ZnVsbHNjcmVlbiUzRCUyMiUyMiUyMGxvYWRpbmclM0QlMjJsYXp5JTIyJTIwcmVmZXJyZXJwb2xpY3klM0QlMjJuby1yZWZlcnJlci13aGVuLWRvd25ncmFkZSUyMiUzRSUzQyUyRmlmcmFtZSUzRQ==\u00bb size=\u00bb300px\u00bb][\/vc_column][\/vc_row][vc_row full_width=\u00bbstretch_row_content_no_spaces\u00bb][vc_column][vc_gmaps link=\u00bb#E-8_JTNDaWZyYW1lJTIwc3JjJTNEJTIyaHR0cHMlM0ElMkYlMkZ3d3cuZ29vZ2xlLmNvbSUyRm1hcHMlMkZlbWJlZCUzRnBiJTNEJTIxMW0xOCUyMTFtMTIlMjExbTMlMjExZDI5ODMuODY3ODc0NzUyMzI3JTIxMmQyLjU3NzY3Nzk5OTk5OTk5OTclMjEzZDQxLjU5Mzc0MSUyMTJtMyUyMTFmMCUyMTJmMCUyMTNmMCUyMTNtMiUyMTFpMTAyNCUyMTJpNzY4JTIxNGYxMy4xJTIxM20zJTIxMW0yJTIxMXMweDEyYmIzNjRhZWM5ZjRjOWYlMjUzQTB4MTkwNWQ4ZDI5YmNjNzlmOCUyMTJzQWxsaWFueiUyNTIwU2VndXJvcyUyNTIwLSUyNTIwQWdlbmNpYSUyNTIwR2xvYmFsJTI1MjBEJTI1QzIlMjVCNEFyYSUyNTIwUy5MLiUyMTVlMCUyMTNtMiUyMTFzZXMlMjEyc2VzJTIxNHYxNzM5MTg4NDUyMDk3JTIxNW0yJTIxMXNlcyUyMTJzZXMlMjIlMjB3aWR0aCUzRCUyMjYwMCUyMiUyMGhlaWdodCUzRCUyMjQ1MCUyMiUyMHN0eWxlJTNEJTIyYm9yZGVyJTNBMCUzQiUyMiUyMGFsbG93ZnVsbHNjcmVlbiUzRCUyMiUyMiUyMGxvYWRpbmclM0QlMjJsYXp5JTIyJTIwcmVmZXJyZXJwb2xpY3klM0QlMjJuby1yZWZlcnJlci13aGVuLWRvd25ncmFkZSUyMiUzRSUzQyUyRmlmcmFtZSUzRQ==\u00bb size=\u00bb300px\u00bb css=\u00bb\u00bb][\/vc_column][\/vc_row][vc_row equal_height=\u00bbyes\u00bb remove_bottom_col_margin=\u00bbtrue\u00bb css=\u00bb.vc_custom_1689062073766{padding-top: -2% !important;padding-bottom: 2% !important;}\u00bb el_class=\u00bbsuperposicionmodulos\u00bb wpex_zindex=\u00bb999&#8243;][vc_column width=\u00bb1\/3&#8243; el_class=\u00bbBoxShadow3&#8243;][vc_icon icon_fontawesome=\u00bbfas fa-phone-alt\u00bb color=\u00bbwhite\u00bb background_style=\u00bbrounded\u00bb background_color=\u00bbcustom\u00bb align=\u00bbcenter\u00bb css=\u00bb.vc_custom_1684140164042{margin-bottom: 20px !important;}\u00bb custom_background_color=\u00bb#02579e\u00bb][vc_column_text] Ll\u00e1manos Matar\u00f3 +34 93 757 34 32 Canet de Mar +34 93 794 00 61 [\/vc_column_text][\/vc_column][vc_column width=\u00bb1\/3&#8243; el_class=\u00bbBoxShadow3&#8243;][vc_icon icon_fontawesome=\u00bbfas fa-envelope\u00bb color=\u00bbwhite\u00bb background_style=\u00bbrounded\u00bb background_color=\u00bbcustom\u00bb align=\u00bbcenter\u00bb css=\u00bb.vc_custom_1684140174614{margin-bottom: 20px&hellip;","og_url":"https:\/\/allianzglobaldara.com\/es\/contacte-2\/","og_site_name":"Allianz d&#039;Ara Grup","article_modified_time":"2025-02-10T11:58:02+00:00","twitter_card":"summary_large_image","twitter_misc":{"Tiempo de lectura":"1 minuto"},"schema":{"@context":"https:\/\/schema.org","@graph":[{"@type":"WebPage","@id":"https:\/\/allianzglobaldara.com\/es\/contacte-2\/","url":"https:\/\/allianzglobaldara.com\/es\/contacte-2\/","name":"Contacto - Allianz d&#039;Ara Grup","isPartOf":{"@id":"https:\/\/allianzglobaldara.com\/#website"},"datePublished":"2023-05-15T08:39:46+00:00","dateModified":"2025-02-10T11:58:02+00:00","breadcrumb":{"@id":"https:\/\/allianzglobaldara.com\/es\/contacte-2\/#breadcrumb"},"inLanguage":"es","potentialAction":[{"@type":"ReadAction","target":["https:\/\/allianzglobaldara.com\/es\/contacte-2\/"]}]},{"@type":"BreadcrumbList","@id":"https:\/\/allianzglobaldara.com\/es\/contacte-2\/#breadcrumb","itemListElement":[{"@type":"ListItem","position":1,"name":"Home","item":"https:\/\/allianzglobaldara.com\/es\/"},{"@type":"ListItem","position":2,"name":"Contacto"}]},{"@type":"WebSite","@id":"https:\/\/allianzglobaldara.com\/#website","url":"https:\/\/allianzglobaldara.com\/","name":"Allianz d&#039;Ara Grup","description":"Ag\u00e8ncia d&#039;Assegurances Allianz a Matar\u00f3","publisher":{"@id":"https:\/\/allianzglobaldara.com\/#organization"},"potentialAction":[{"@type":"SearchAction","target":{"@type":"EntryPoint","urlTemplate":"https:\/\/allianzglobaldara.com\/?s={search_term_string}"},"query-input":{"@type":"PropertyValueSpecification","valueRequired":true,"valueName":"search_term_string"}}],"inLanguage":"es"},{"@type":"Organization","@id":"https:\/\/allianzglobaldara.com\/#organization","name":"Allianz d&#039;Ara Grup","url":"https:\/\/allianzglobaldara.com\/","logo":{"@type":"ImageObject","inLanguage":"es","@id":"https:\/\/allianzglobaldara.com\/#\/schema\/logo\/image\/","url":"https:\/\/allianzglobaldara.com\/wp-content\/uploads\/2024\/03\/FAMILY-OFFICE-dARA-13-1.png","contentUrl":"https:\/\/allianzglobaldara.com\/wp-content\/uploads\/2024\/03\/FAMILY-OFFICE-dARA-13-1.png","width":472,"height":194,"caption":"Allianz d&#039;Ara Grup"},"image":{"@id":"https:\/\/allianzglobaldara.com\/#\/schema\/logo\/image\/"}}]}},"_links":{"self":[{"href":"https:\/\/allianzglobaldara.com\/es\/wp-json\/wp\/v2\/pages\/3466","targetHints":{"allow":["GET"]}}],"collection":[{"href":"https:\/\/allianzglobaldara.com\/es\/wp-json\/wp\/v2\/pages"}],"about":[{"href":"https:\/\/allianzglobaldara.com\/es\/wp-json\/wp\/v2\/types\/page"}],"author":[{"embeddable":true,"href":"https:\/\/allianzglobaldara.com\/es\/wp-json\/wp\/v2\/users\/1"}],"replies":[{"embeddable":true,"href":"https:\/\/allianzglobaldara.com\/es\/wp-json\/wp\/v2\/comments?post=3466"}],"version-history":[{"count":8,"href":"https:\/\/allianzglobaldara.com\/es\/wp-json\/wp\/v2\/pages\/3466\/revisions"}],"predecessor-version":[{"id":13542,"href":"https:\/\/allianzglobaldara.com\/es\/wp-json\/wp\/v2\/pages\/3466\/revisions\/13542"}],"wp:attachment":[{"href":"https:\/\/allianzglobaldara.com\/es\/wp-json\/wp\/v2\/media?parent=3466"}],"curies":[{"name":"wp","href":"https:\/\/api.w.org\/{rel}","templated":true}]}}