{"id":3457,"date":"2023-05-15T09:15:47","date_gmt":"2023-05-15T09:15:47","guid":{"rendered":"https:\/\/allianzglobaldara.com\/inversio-2\/"},"modified":"2025-01-30T09:32:48","modified_gmt":"2025-01-30T09:32:48","slug":"inversio-2","status":"publish","type":"page","link":"https:\/\/allianzglobaldara.com\/es\/inversio-2\/","title":{"rendered":"Seguros de inversi\u00f3n"},"content":{"rendered":"<div class=\"wpb-content-wrapper\">[vc_row][vc_column width=\u00bb1\/6&#8243;][\/vc_column][vc_column width=\u00bb2\/3&#8243;][vc_column_text]\n<h2 style=\"text-align: center;\">Seguros de inversi\u00f3n Allianz<\/h2>\n<h3 style=\"text-align: center;\">Haz crecer tu capital con la garant\u00eda de invertir con la compa\u00f1\u00eda l\u00edder en Europa<\/h3>\n[\/vc_column_text][\/vc_column][vc_column width=\u00bb1\/6&#8243;][\/vc_column][\/vc_row][vc_row gap=\u00bb20&#8243;][vc_column width=\u00bb1\/3&#8243; css=\u00bb.vc_custom_1618917128216{padding-top: 5% !important;padding-right: 5% !important;padding-bottom: 5% !important;padding-left: 5% !important;background-color: #f7f7f7 !important;}\u00bb][vc_column_text]\n<h3 style=\"text-align: center;\">Seguro de Ahorro<\/h3>\n[\/vc_column_text][vc_empty_space height=\u00bb20px\u00bb][vc_single_image image=\u00bb251&#8243;][vc_empty_space height=\u00bb20px\u00bb][vc_column_text]Una forma sencilla de ahorrar a tu medida. Puedes realizar una aportaci\u00f3n<br \/>\n\u00fanica o ahorrar poco a poco de forma peri\u00f3dica.[\/vc_column_text][vc_empty_space height=\u00bb40px\u00bb]<div class=\"theme-button-wrap textcenter wpex-clr\"><a href=\"\/es\/contacte-2\/\" class=\"vcex-button theme-button align-center inline\"><span class=\"vcex-button-inner theme-button-inner wpex-flex wpex-flex-wrap wpex-items-center wpex-justify-center\">M\u00e1s informaci\u00f3n<span class=\"vcex-button-icon vcex-icon-wrap theme-button-icon-right\"><span class=\"wpex-icon wpex-icon--bidi\" aria-hidden=\"true\"><svg xmlns=\"http:\/\/www.w3.org\/2000\/svg\" viewBox=\"0 0 320 512\"><path d=\"M278.6 233.4c12.5 12.5 12.5 32.8 0 45.3l-160 160c-12.5 12.5-32.8 12.5-45.3 0s-12.5-32.8 0-45.3L210.7 256 73.4 118.6c-12.5-12.5-12.5-32.8 0-45.3s32.8-12.5 45.3 0l160 160z\"\/><\/svg><\/span><\/span><\/span><\/a><\/div> [vc_empty_space height=\u00bb20px\u00bb][\/vc_column][vc_column width=\u00bb1\/3&#8243; css=\u00bb.vc_custom_1618917136535{padding-top: 5% !important;padding-right: 5% !important;padding-bottom: 5% !important;padding-left: 5% !important;background-color: #f7f7f7 !important;}\u00bb][vc_column_text]\n<h3 style=\"text-align: center;\">Seguro de Ahorro Garantizado<\/h3>\n[\/vc_column_text][vc_empty_space height=\u00bb20px\u00bb][vc_single_image image=\u00bb254&#8243;][vc_empty_space height=\u00bb20px\u00bb][vc_column_text]<strong>Allianz Perspektive<\/strong> ; Este seguro de ahorro es ideal para quienes quieren que su capital crezca sostenidamente con una inversi\u00f3n a medio-largo plazo y sin riesgos, y con una renta m\u00ednima garantizada desde el primer momento.[\/vc_column_text][vc_empty_space height=\u00bb40px\u00bb]<div class=\"theme-button-wrap textcenter wpex-clr\"><a href=\"\/es\/contacte-2\/\" class=\"vcex-button theme-button align-center inline\"><span class=\"vcex-button-inner theme-button-inner wpex-flex wpex-flex-wrap wpex-items-center wpex-justify-center\">M\u00e1s informaci\u00f3n<span class=\"vcex-button-icon vcex-icon-wrap theme-button-icon-right\"><span class=\"wpex-icon wpex-icon--bidi\" aria-hidden=\"true\"><svg xmlns=\"http:\/\/www.w3.org\/2000\/svg\" viewBox=\"0 0 320 512\"><path d=\"M278.6 233.4c12.5 12.5 12.5 32.8 0 45.3l-160 160c-12.5 12.5-32.8 12.5-45.3 0s-12.5-32.8 0-45.3L210.7 256 73.4 118.6c-12.5-12.5-12.5-32.8 0-45.3s32.8-12.5 45.3 0l160 160z\"\/><\/svg><\/span><\/span><\/span><\/a><\/div> [vc_empty_space height=\u00bb20px\u00bb][\/vc_column][vc_column width=\u00bb1\/3&#8243; css=\u00bb.vc_custom_1618917142823{padding-top: 5% !important;padding-right: 5% !important;padding-bottom: 5% !important;padding-left: 5% !important;background-color: #f7f7f7 !important;}\u00bb][vc_column_text]\n<h3 style=\"text-align: center;\">Fondo de Inversi\u00f3n<\/h3>\n[\/vc_column_text][vc_empty_space height=\u00bb20px\u00bb][vc_single_image image=\u00bb252&#8243;][vc_empty_space height=\u00bb20px\u00bb][vc_column_text]\u00bfEst\u00e1s interesado en fondos de inversi\u00f3n? ActivInvest se adapta a tu<br \/>\nperfil de riesgo y en tus expectativas de rentabilidad.[\/vc_column_text][vc_empty_space height=\u00bb40px\u00bb]<div class=\"theme-button-wrap textcenter wpex-clr\"><a href=\"\/es\/contacte-2\/\" class=\"vcex-button theme-button align-center inline\"><span class=\"vcex-button-inner theme-button-inner wpex-flex wpex-flex-wrap wpex-items-center wpex-justify-center\">M\u00e1s informaci\u00f3n<span class=\"vcex-button-icon vcex-icon-wrap theme-button-icon-right\"><span class=\"wpex-icon wpex-icon--bidi\" aria-hidden=\"true\"><svg xmlns=\"http:\/\/www.w3.org\/2000\/svg\" viewBox=\"0 0 320 512\"><path d=\"M278.6 233.4c12.5 12.5 12.5 32.8 0 45.3l-160 160c-12.5 12.5-32.8 12.5-45.3 0s-12.5-32.8 0-45.3L210.7 256 73.4 118.6c-12.5-12.5-12.5-32.8 0-45.3s32.8-12.5 45.3 0l160 160z\"\/><\/svg><\/span><\/span><\/span><\/a><\/div> [vc_empty_space height=\u00bb20px\u00bb][\/vc_column][\/vc_row][vc_row gap=\u00bb20&#8243;][vc_column width=\u00bb1\/3&#8243; css=\u00bb.vc_custom_1618917136535{padding-top: 5% !important;padding-right: 5% !important;padding-bottom: 5% !important;padding-left: 5% !important;background-color: #f7f7f7 !important;}\u00bb][vc_column_text]\n<h3 style=\"text-align: center;\">Planes de Pensiones<\/h3>\n[\/vc_column_text][vc_empty_space height=\u00bb20px\u00bb][vc_single_image image=\u00bb253&#8243;][vc_empty_space height=\u00bb20px\u00bb][vc_column_text]El mejor complemento para su pensi\u00f3n de jubilaci\u00f3n. Ahorra de forma<br \/>\nflexible y con ventajas fiscales.[\/vc_column_text][vc_empty_space height=\u00bb40px\u00bb]<div class=\"theme-button-wrap textcenter wpex-clr\"><a href=\"\/es\/contacte-2\/\" class=\"vcex-button theme-button align-center inline\"><span class=\"vcex-button-inner theme-button-inner wpex-flex wpex-flex-wrap wpex-items-center wpex-justify-center\">M\u00e1s informaci\u00f3n<span class=\"vcex-button-icon vcex-icon-wrap theme-button-icon-right\"><span class=\"wpex-icon wpex-icon--bidi\" aria-hidden=\"true\"><svg xmlns=\"http:\/\/www.w3.org\/2000\/svg\" viewBox=\"0 0 320 512\"><path d=\"M278.6 233.4c12.5 12.5 12.5 32.8 0 45.3l-160 160c-12.5 12.5-32.8 12.5-45.3 0s-12.5-32.8 0-45.3L210.7 256 73.4 118.6c-12.5-12.5-12.5-32.8 0-45.3s32.8-12.5 45.3 0l160 160z\"\/><\/svg><\/span><\/span><\/span><\/a><\/div> [vc_empty_space height=\u00bb20px\u00bb][\/vc_column][vc_column width=\u00bb1\/3&#8243; css=\u00bb.vc_custom_1696248156573{padding-top: 5% !important;padding-right: 5% !important;padding-bottom: 5% !important;padding-left: 5% !important;background-color: #f7f7f7 !important;}\u00bb][vc_column_text]\n<h3 style=\"text-align: center;\">Invierte con Unit Linked<\/h3>\n[\/vc_column_text][vc_empty_space height=\u00bb20px\u00bb][vc_single_image image=\u00bb409&#8243;][vc_empty_space height=\u00bb20px\u00bb][vc_column_text]Con Fondo Vida Plus, el Unit Linked de Allianz, invierte en una amplia gama de Fondos de Inversi\u00f3n calificados como \u00abAA\u00bb, de forma diversificada y seg\u00fan tu perfil de inversor.[\/vc_column_text][vc_empty_space height=\u00bb40px\u00bb]<div class=\"theme-button-wrap textcenter wpex-clr\"><a href=\"\/es\/contacte-2\/\" class=\"vcex-button theme-button align-center inline\"><span class=\"vcex-button-inner theme-button-inner wpex-flex wpex-flex-wrap wpex-items-center wpex-justify-center\">M\u00e1s informaci\u00f3n<span class=\"vcex-button-icon vcex-icon-wrap theme-button-icon-right\"><span class=\"wpex-icon wpex-icon--bidi\" aria-hidden=\"true\"><svg xmlns=\"http:\/\/www.w3.org\/2000\/svg\" viewBox=\"0 0 320 512\"><path d=\"M278.6 233.4c12.5 12.5 12.5 32.8 0 45.3l-160 160c-12.5 12.5-32.8 12.5-45.3 0s-12.5-32.8 0-45.3L210.7 256 73.4 118.6c-12.5-12.5-12.5-32.8 0-45.3s32.8-12.5 45.3 0l160 160z\"\/><\/svg><\/span><\/span><\/span><\/a><\/div> [vc_empty_space height=\u00bb20px\u00bb][\/vc_column][vc_column width=\u00bb1\/3&#8243;][\/vc_column][\/vc_row][vc_row][vc_column]<div class=\"templatera_shortcode\"><style type=\"text\/css\" data-type=\"vc_shortcodes-custom-css\">.vc_custom_1684140887937{padding-top: 5% !important;padding-bottom: 5% !important;}.vc_custom_1684140902163{padding-top: 3% !important;padding-right: 5% !important;padding-bottom: 3% !important;padding-left: 5% !important;background-color: #f4f4f4 !important;}<\/style><div class=\"vc_row wpb_row vc_row-fluid wpex-relative\"><div class=\"wpb_column vc_column_container vc_col-sm-12\"><div class=\"vc_column-inner\"><div class=\"wpb_wrapper\"><div class=\"vc_separator wpb_content_element vc_separator_align_center vc_sep_width_100 vc_sep_pos_align_center vc_separator_no_text vc_sep_color_grey wpb_content_element  wpb_content_element\" ><span class=\"vc_sep_holder vc_sep_holder_l\"><span class=\"vc_sep_line\"><\/span><\/span><span class=\"vc_sep_holder vc_sep_holder_r\"><span class=\"vc_sep_line\"><\/span><\/span>\n<\/div><\/div><\/div><\/div><\/div><div id=\"contactar\" class=\"vc_section vc_custom_1684140887937 wpex-vc-full-width-section wpex-vc-full-width-section--centered wpex-relative\" data-ls_id=\"#contactar\" tabindex=\"-1\"><div class=\"vc_row wpb_row vc_row-fluid wpex-relative\"><div class=\"wpb_column vc_column_container vc_col-sm-2\"><div class=\"vc_column-inner\"><div class=\"wpb_wrapper\"><\/div><\/div><\/div><div class=\"wpb_column vc_column_container vc_col-sm-8\"><div class=\"vc_column-inner\"><div class=\"wpb_wrapper\">\n\t<div class=\"wpb_text_column wpb_content_element\" >\n\t\t<div class=\"wpb_wrapper\">\n\t\t\t<h2 style=\"text-align: center;\">Contacta con Allianz Global d'Ara<\/h2>\n\n\t\t<\/div>\n\t<\/div>\n<div class=\"vcex-spacing wpex-w-100 wpex-clear\" style=\"height:20px;\"><\/div>\n\t<div class=\"wpb_text_column wpb_content_element\" >\n\t\t<div class=\"wpb_wrapper\">\n\t\t\t<p style=\"text-align: center;\">Llena el formulario i en breve un comercial se pondr\u00e1 en contacto contigo.<br \/>\nLos campos con * son obligatorios.<\/p>\n\n\t\t<\/div>\n\t<\/div>\n<div class=\"vcex-spacing wpex-w-100 wpex-clear\" style=\"height:20px;\"><\/div><div class=\"vc_separator wpb_content_element vc_separator_align_center vc_sep_width_10 vc_sep_border_width_6 vc_sep_pos_align_center vc_separator_no_text wpb_content_element  wpb_content_element\" ><span class=\"vc_sep_holder vc_sep_holder_l\"><span style=\"border-color:#02579e;\" class=\"vc_sep_line\"><\/span><\/span><span class=\"vc_sep_holder vc_sep_holder_r\"><span style=\"border-color:#02579e;\" class=\"vc_sep_line\"><\/span><\/span>\n<\/div><\/div><\/div><\/div><div class=\"wpb_column vc_column_container vc_col-sm-2\"><div class=\"vc_column-inner\"><div class=\"wpb_wrapper\"><\/div><\/div><\/div><\/div><div class=\"vc_row wpb_row vc_row-fluid vc_column-gap-35 wpex-relative\"><div class=\"wpb_column vc_column_container vc_col-sm-2\"><div class=\"vc_column-inner\"><div class=\"wpb_wrapper\"><\/div><\/div><\/div><div class=\"wpb_column vc_column_container vc_col-sm-8 wpex-vc_col-has-fill\"><div class=\"vc_column-inner vc_custom_1684140902163\"><div class=\"wpb_wrapper\">\n<div class=\"wpcf7 no-js\" id=\"wpcf7-f30430-o1\" lang=\"en-US\" dir=\"ltr\" data-wpcf7-id=\"30430\">\n<div class=\"screen-reader-response\"><p role=\"status\" aria-live=\"polite\" aria-atomic=\"true\"><\/p> <ul><\/ul><\/div>\n<form action=\"\/es\/wp-json\/wp\/v2\/pages\/3457#wpcf7-f30430-o1\" method=\"post\" class=\"wpcf7-form init\" aria-label=\"Contact form\" novalidate=\"novalidate\" data-status=\"init\">\n<fieldset class=\"hidden-fields-container\"><input type=\"hidden\" name=\"_wpcf7\" value=\"30430\" \/><input type=\"hidden\" name=\"_wpcf7_version\" value=\"6.1.5\" \/><input type=\"hidden\" name=\"_wpcf7_locale\" value=\"en_US\" \/><input type=\"hidden\" name=\"_wpcf7_unit_tag\" value=\"wpcf7-f30430-o1\" \/><input type=\"hidden\" name=\"_wpcf7_container_post\" value=\"0\" \/><input type=\"hidden\" name=\"_wpcf7_posted_data_hash\" value=\"\" \/><input type=\"hidden\" name=\"_wpcf7_recaptcha_response\" value=\"\" \/>\n<\/fieldset>\n<div class=\"form-row\">\n\t<div class=\"column-half\">\n\t\t<p>Nombre (obligatorio) <span class=\"wpcf7-form-control-wrap\" data-name=\"your-name\"><input size=\"40\" maxlength=\"400\" class=\"wpcf7-form-control wpcf7-text wpcf7-validates-as-required\" aria-required=\"true\" aria-invalid=\"false\" value=\"\" type=\"text\" name=\"your-name\" \/><\/span>\n\t\t<\/p>\n\t<\/div>\n\t<div class=\"column-half\">\n\t\t<p>Email (obligatorio) <span class=\"wpcf7-form-control-wrap\" data-name=\"your-email\"><input size=\"40\" maxlength=\"400\" class=\"wpcf7-form-control wpcf7-email wpcf7-validates-as-required wpcf7-text wpcf7-validates-as-email\" aria-required=\"true\" aria-invalid=\"false\" value=\"\" type=\"email\" name=\"your-email\" \/><\/span>\n\t\t<\/p>\n\t<\/div>\n<\/div>\n<div class=\"form-row\">\n\t<div class=\"column-half\">\n\t\t<p>Tel\u00e9fono <span class=\"wpcf7-form-control-wrap\" data-name=\"tel-850\"><input size=\"40\" maxlength=\"400\" class=\"wpcf7-form-control wpcf7-tel wpcf7-validates-as-required wpcf7-text wpcf7-validates-as-tel\" aria-required=\"true\" aria-invalid=\"false\" value=\"\" type=\"tel\" name=\"tel-850\" \/><\/span>\n\t\t<\/p>\n\t<\/div>\n\t<div class=\"column-half\">\n\t\t<p>\u00bfEres ya cliente de Allianz? <span class=\"wpcf7-form-control-wrap\" data-name=\"menu-85\"><select class=\"wpcf7-form-control wpcf7-select wpcf7-validates-as-required\" aria-required=\"true\" aria-invalid=\"false\" name=\"menu-85\"><option value=\"SI\">SI<\/option><option value=\"NO\">NO<\/option><\/select><\/span>\n\t\t<\/p>\n\t<\/div>\n<\/div>\n<div class=\"form-row\">\n\t<div class=\"column-full\">\n\t\t<p>Motivo: <span class=\"wpcf7-form-control-wrap\" data-name=\"your-subject\"><input size=\"40\" maxlength=\"400\" class=\"wpcf7-form-control wpcf7-text\" aria-invalid=\"false\" value=\"\" type=\"text\" name=\"your-subject\" \/><\/span>\n\t\t<\/p>\n\t<\/div>\n<\/div>\n<div class=\"form-row\">\n\t<div class=\"column-full\">\n\t\t<p>\u00bfQue nos quieres preguntar? <span class=\"wpcf7-form-control-wrap\" data-name=\"your-message\"><textarea cols=\"40\" rows=\"10\" maxlength=\"2000\" class=\"wpcf7-form-control wpcf7-textarea\" aria-invalid=\"false\" name=\"your-message\"><\/textarea><\/span>\n\t\t<\/p>\n\t<\/div>\n<\/div>\n<div class=\"form-row\">\n\t<div class=\"column-full\">\n\t\t<p><span><span class=\"wpcf7-form-control-wrap\" data-name=\"acceptance-1\"><span class=\"wpcf7-form-control wpcf7-acceptance\"><span class=\"wpcf7-list-item\"><input type=\"checkbox\" name=\"acceptance-1\" value=\"1\" aria-invalid=\"false\" \/><\/span><\/span><\/span>AUTORIZO el tratamiento de mis datos personales con la finalidad de atender mi contacto.<\/span><br \/>\n<span><span class=\"wpcf7-form-control-wrap\" data-name=\"acceptance-2\"><span class=\"wpcf7-form-control wpcf7-acceptance\"><span class=\"wpcf7-list-item\"><input type=\"checkbox\" name=\"acceptance-2\" value=\"1\" aria-invalid=\"false\" \/><\/span><\/span><\/span>AUTORIZO el tratamiento de mis datos personales con la finalidad de recibir comunicaciones comerciales, incluido por correo electr\u00f3nico y medios de comunicaci\u00f3n electr\u00f3nica equivalentes.<\/span>\n\t\t<\/p>\n\t\t<p style=\"font-size: 10px;text-align: justify;\"><br \/>\n<strong>Informaci\u00f3n b\u00e1sica sobre Protecci\u00f3n de datos<\/strong> Responsable: GLOBAL D'ARA, S.L.;\n\t\t<\/p>\n\t\t<p>Finalidad 1: Atender su contacto;<br \/>\nFinalidad 2: El env\u00edo de comunicaciones comerciales, incluido por correo electr\u00f3nico o medios de comunicaci\u00f3n electr\u00f3nica equivalentes, si nos da su consentimiento.; Derechos: Tiene derecho a acceder, rectificar y suprimir los datos, as\u00ed como otros derechos, indicados en la informaci\u00f3n adicional; Informaci\u00f3n adicional: Puede consultar la informaci\u00f3n adicional y detallada sobre Protecci\u00f3n de Datos en nuestra p\u00e1gina web:<a href=\"https:\/\/allianzdaragrup.com\/politica-de-privacidad\/#1623237718698-8be5f1c2-e029\"> Aqu\u00ed<\/a>\n\t\t<\/p>\n\t<\/div>\n<\/div>\n<div class=\"form-row\">\n\t<div class=\"column-full\">\n\t\t<p><input class=\"wpcf7-form-control wpcf7-submit has-spinner\" type=\"submit\" value=\"Enviar\" \/>\n\t\t<\/p>\n\t<\/div>\n<\/div><p style=\"display: none !important;\" class=\"akismet-fields-container\" data-prefix=\"_wpcf7_ak_\"><label>&#916;<textarea name=\"_wpcf7_ak_hp_textarea\" cols=\"45\" rows=\"8\" maxlength=\"100\"><\/textarea><\/label><input type=\"hidden\" id=\"ak_js_1\" name=\"_wpcf7_ak_js\" value=\"119\"\/><script>document.getElementById( \"ak_js_1\" ).setAttribute( \"value\", ( new Date() ).getTime() );<\/script><\/p><input type='hidden' class='wpcf7-pum' value='{\"closepopup\":false,\"closedelay\":0,\"openpopup\":false,\"openpopup_id\":0}' \/><div class=\"wpcf7-response-output\" aria-hidden=\"true\"><\/div>\n<\/form>\n<\/div>\n<\/div><\/div><\/div><div class=\"wpb_column vc_column_container vc_col-sm-2\"><div class=\"vc_column-inner\"><div class=\"wpb_wrapper\"><\/div><\/div><\/div><\/div><\/div>\r\n<\/div>[\/vc_column][\/vc_row]\n<\/div>","protected":false},"excerpt":{"rendered":"Seguros de inversi\u00f3n Allianz Haz crecer tu capital con la garant\u00eda de invertir con la compa\u00f1\u00eda l\u00edder en Europa Seguro de Ahorro Una forma sencilla de ahorrar a tu medida. Puedes realizar una aportaci\u00f3n \u00fanica o ahorrar poco a poco de forma peri\u00f3dica. M\u00e1s informaci\u00f3n Seguro de Ahorro Garantizado Allianz Perspektive ; Este seguro de&hellip;","protected":false},"author":1,"featured_media":3245,"parent":0,"menu_order":0,"comment_status":"closed","ping_status":"closed","template":"","meta":{"_joinchat":[],"footnotes":""},"class_list":["post-3457","page","type-page","status-publish","has-post-thumbnail","hentry","entry","has-media"],"yoast_head":"<!-- This site is optimized with the Yoast SEO plugin v26.9 - https:\/\/yoast.com\/product\/yoast-seo-wordpress\/ -->\n<title>Seguros de inversi\u00f3n - Allianz d&#039;Ara Grup<\/title>\n<meta name=\"description\" content=\"Contrate los seguros de inversiones que necesitas. En Allianz de Ara Grup somos los agentes especialistas en inversiones del Maresme\" \/>\n<meta name=\"robots\" content=\"index, follow, max-snippet:-1, max-image-preview:large, max-video-preview:-1\" \/>\n<link rel=\"canonical\" href=\"https:\/\/allianzglobaldara.com\/es\/inversio-2\/\" \/>\n<meta property=\"og:locale\" content=\"es_ES\" \/>\n<meta property=\"og:type\" content=\"article\" \/>\n<meta property=\"og:title\" content=\"Seguros de inversi\u00f3n - Allianz d&#039;Ara Grup\" \/>\n<meta property=\"og:description\" content=\"Contrate los seguros de inversiones que necesitas. En Allianz de Ara Grup somos los agentes especialistas en inversiones del Maresme\" \/>\n<meta property=\"og:url\" content=\"https:\/\/allianzglobaldara.com\/es\/inversio-2\/\" \/>\n<meta property=\"og:site_name\" content=\"Allianz d&#039;Ara Grup\" \/>\n<meta property=\"article:modified_time\" content=\"2025-01-30T09:32:48+00:00\" \/>\n<meta property=\"og:image\" content=\"https:\/\/allianzglobaldara.com\/wp-content\/uploads\/2023\/07\/inversion.png\" \/>\n\t<meta property=\"og:image:width\" content=\"500\" \/>\n\t<meta property=\"og:image:height\" content=\"500\" \/>\n\t<meta property=\"og:image:type\" content=\"image\/png\" \/>\n<meta name=\"twitter:card\" content=\"summary_large_image\" \/>\n<meta name=\"twitter:label1\" content=\"Tiempo de lectura\" \/>\n\t<meta name=\"twitter:data1\" content=\"2 minutos\" \/>\n<script type=\"application\/ld+json\" class=\"yoast-schema-graph\">{\"@context\":\"https:\/\/schema.org\",\"@graph\":[{\"@type\":\"WebPage\",\"@id\":\"https:\/\/allianzglobaldara.com\/es\/inversio-2\/\",\"url\":\"https:\/\/allianzglobaldara.com\/es\/inversio-2\/\",\"name\":\"Seguros de inversi\u00f3n - Allianz d&#039;Ara Grup\",\"isPartOf\":{\"@id\":\"https:\/\/allianzglobaldara.com\/#website\"},\"primaryImageOfPage\":{\"@id\":\"https:\/\/allianzglobaldara.com\/es\/inversio-2\/#primaryimage\"},\"image\":{\"@id\":\"https:\/\/allianzglobaldara.com\/es\/inversio-2\/#primaryimage\"},\"thumbnailUrl\":\"https:\/\/allianzglobaldara.com\/wp-content\/uploads\/2023\/07\/inversion.png\",\"datePublished\":\"2023-05-15T09:15:47+00:00\",\"dateModified\":\"2025-01-30T09:32:48+00:00\",\"description\":\"Contrate los seguros de inversiones que necesitas. En Allianz de Ara Grup somos los agentes especialistas en inversiones del Maresme\",\"breadcrumb\":{\"@id\":\"https:\/\/allianzglobaldara.com\/es\/inversio-2\/#breadcrumb\"},\"inLanguage\":\"es\",\"potentialAction\":[{\"@type\":\"ReadAction\",\"target\":[\"https:\/\/allianzglobaldara.com\/es\/inversio-2\/\"]}]},{\"@type\":\"ImageObject\",\"inLanguage\":\"es\",\"@id\":\"https:\/\/allianzglobaldara.com\/es\/inversio-2\/#primaryimage\",\"url\":\"https:\/\/allianzglobaldara.com\/wp-content\/uploads\/2023\/07\/inversion.png\",\"contentUrl\":\"https:\/\/allianzglobaldara.com\/wp-content\/uploads\/2023\/07\/inversion.png\",\"width\":500,\"height\":500},{\"@type\":\"BreadcrumbList\",\"@id\":\"https:\/\/allianzglobaldara.com\/es\/inversio-2\/#breadcrumb\",\"itemListElement\":[{\"@type\":\"ListItem\",\"position\":1,\"name\":\"Home\",\"item\":\"https:\/\/allianzglobaldara.com\/es\/\"},{\"@type\":\"ListItem\",\"position\":2,\"name\":\"Seguros de inversi\u00f3n\"}]},{\"@type\":\"WebSite\",\"@id\":\"https:\/\/allianzglobaldara.com\/#website\",\"url\":\"https:\/\/allianzglobaldara.com\/\",\"name\":\"Allianz d&#039;Ara Grup\",\"description\":\"Ag\u00e8ncia d&#039;Assegurances Allianz a Matar\u00f3\",\"publisher\":{\"@id\":\"https:\/\/allianzglobaldara.com\/#organization\"},\"potentialAction\":[{\"@type\":\"SearchAction\",\"target\":{\"@type\":\"EntryPoint\",\"urlTemplate\":\"https:\/\/allianzglobaldara.com\/?s={search_term_string}\"},\"query-input\":{\"@type\":\"PropertyValueSpecification\",\"valueRequired\":true,\"valueName\":\"search_term_string\"}}],\"inLanguage\":\"es\"},{\"@type\":\"Organization\",\"@id\":\"https:\/\/allianzglobaldara.com\/#organization\",\"name\":\"Allianz d&#039;Ara Grup\",\"url\":\"https:\/\/allianzglobaldara.com\/\",\"logo\":{\"@type\":\"ImageObject\",\"inLanguage\":\"es\",\"@id\":\"https:\/\/allianzglobaldara.com\/#\/schema\/logo\/image\/\",\"url\":\"https:\/\/allianzglobaldara.com\/wp-content\/uploads\/2024\/03\/FAMILY-OFFICE-dARA-13-1.png\",\"contentUrl\":\"https:\/\/allianzglobaldara.com\/wp-content\/uploads\/2024\/03\/FAMILY-OFFICE-dARA-13-1.png\",\"width\":472,\"height\":194,\"caption\":\"Allianz d&#039;Ara Grup\"},\"image\":{\"@id\":\"https:\/\/allianzglobaldara.com\/#\/schema\/logo\/image\/\"}}]}<\/script>\n<!-- \/ Yoast SEO plugin. -->","yoast_head_json":{"title":"Seguros de inversi\u00f3n - Allianz d&#039;Ara Grup","description":"Contrate los seguros de inversiones que necesitas. En Allianz de Ara Grup somos los agentes especialistas en inversiones del Maresme","robots":{"index":"index","follow":"follow","max-snippet":"max-snippet:-1","max-image-preview":"max-image-preview:large","max-video-preview":"max-video-preview:-1"},"canonical":"https:\/\/allianzglobaldara.com\/es\/inversio-2\/","og_locale":"es_ES","og_type":"article","og_title":"Seguros de inversi\u00f3n - Allianz d&#039;Ara Grup","og_description":"Contrate los seguros de inversiones que necesitas. En Allianz de Ara Grup somos los agentes especialistas en inversiones del Maresme","og_url":"https:\/\/allianzglobaldara.com\/es\/inversio-2\/","og_site_name":"Allianz d&#039;Ara Grup","article_modified_time":"2025-01-30T09:32:48+00:00","og_image":[{"width":500,"height":500,"url":"https:\/\/allianzglobaldara.com\/wp-content\/uploads\/2023\/07\/inversion.png","type":"image\/png"}],"twitter_card":"summary_large_image","twitter_misc":{"Tiempo de lectura":"2 minutos"},"schema":{"@context":"https:\/\/schema.org","@graph":[{"@type":"WebPage","@id":"https:\/\/allianzglobaldara.com\/es\/inversio-2\/","url":"https:\/\/allianzglobaldara.com\/es\/inversio-2\/","name":"Seguros de inversi\u00f3n - Allianz d&#039;Ara Grup","isPartOf":{"@id":"https:\/\/allianzglobaldara.com\/#website"},"primaryImageOfPage":{"@id":"https:\/\/allianzglobaldara.com\/es\/inversio-2\/#primaryimage"},"image":{"@id":"https:\/\/allianzglobaldara.com\/es\/inversio-2\/#primaryimage"},"thumbnailUrl":"https:\/\/allianzglobaldara.com\/wp-content\/uploads\/2023\/07\/inversion.png","datePublished":"2023-05-15T09:15:47+00:00","dateModified":"2025-01-30T09:32:48+00:00","description":"Contrate los seguros de inversiones que necesitas. En Allianz de Ara Grup somos los agentes especialistas en inversiones del Maresme","breadcrumb":{"@id":"https:\/\/allianzglobaldara.com\/es\/inversio-2\/#breadcrumb"},"inLanguage":"es","potentialAction":[{"@type":"ReadAction","target":["https:\/\/allianzglobaldara.com\/es\/inversio-2\/"]}]},{"@type":"ImageObject","inLanguage":"es","@id":"https:\/\/allianzglobaldara.com\/es\/inversio-2\/#primaryimage","url":"https:\/\/allianzglobaldara.com\/wp-content\/uploads\/2023\/07\/inversion.png","contentUrl":"https:\/\/allianzglobaldara.com\/wp-content\/uploads\/2023\/07\/inversion.png","width":500,"height":500},{"@type":"BreadcrumbList","@id":"https:\/\/allianzglobaldara.com\/es\/inversio-2\/#breadcrumb","itemListElement":[{"@type":"ListItem","position":1,"name":"Home","item":"https:\/\/allianzglobaldara.com\/es\/"},{"@type":"ListItem","position":2,"name":"Seguros de inversi\u00f3n"}]},{"@type":"WebSite","@id":"https:\/\/allianzglobaldara.com\/#website","url":"https:\/\/allianzglobaldara.com\/","name":"Allianz d&#039;Ara Grup","description":"Ag\u00e8ncia d&#039;Assegurances Allianz a Matar\u00f3","publisher":{"@id":"https:\/\/allianzglobaldara.com\/#organization"},"potentialAction":[{"@type":"SearchAction","target":{"@type":"EntryPoint","urlTemplate":"https:\/\/allianzglobaldara.com\/?s={search_term_string}"},"query-input":{"@type":"PropertyValueSpecification","valueRequired":true,"valueName":"search_term_string"}}],"inLanguage":"es"},{"@type":"Organization","@id":"https:\/\/allianzglobaldara.com\/#organization","name":"Allianz d&#039;Ara Grup","url":"https:\/\/allianzglobaldara.com\/","logo":{"@type":"ImageObject","inLanguage":"es","@id":"https:\/\/allianzglobaldara.com\/#\/schema\/logo\/image\/","url":"https:\/\/allianzglobaldara.com\/wp-content\/uploads\/2024\/03\/FAMILY-OFFICE-dARA-13-1.png","contentUrl":"https:\/\/allianzglobaldara.com\/wp-content\/uploads\/2024\/03\/FAMILY-OFFICE-dARA-13-1.png","width":472,"height":194,"caption":"Allianz d&#039;Ara Grup"},"image":{"@id":"https:\/\/allianzglobaldara.com\/#\/schema\/logo\/image\/"}}]}},"_links":{"self":[{"href":"https:\/\/allianzglobaldara.com\/es\/wp-json\/wp\/v2\/pages\/3457","targetHints":{"allow":["GET"]}}],"collection":[{"href":"https:\/\/allianzglobaldara.com\/es\/wp-json\/wp\/v2\/pages"}],"about":[{"href":"https:\/\/allianzglobaldara.com\/es\/wp-json\/wp\/v2\/types\/page"}],"author":[{"embeddable":true,"href":"https:\/\/allianzglobaldara.com\/es\/wp-json\/wp\/v2\/users\/1"}],"replies":[{"embeddable":true,"href":"https:\/\/allianzglobaldara.com\/es\/wp-json\/wp\/v2\/comments?post=3457"}],"version-history":[{"count":5,"href":"https:\/\/allianzglobaldara.com\/es\/wp-json\/wp\/v2\/pages\/3457\/revisions"}],"predecessor-version":[{"id":6882,"href":"https:\/\/allianzglobaldara.com\/es\/wp-json\/wp\/v2\/pages\/3457\/revisions\/6882"}],"wp:featuredmedia":[{"embeddable":true,"href":"https:\/\/allianzglobaldara.com\/es\/wp-json\/wp\/v2\/media\/3245"}],"wp:attachment":[{"href":"https:\/\/allianzglobaldara.com\/es\/wp-json\/wp\/v2\/media?parent=3457"}],"curies":[{"name":"wp","href":"https:\/\/api.w.org\/{rel}","templated":true}]}}