{"id":17092,"date":"2025-04-10T10:47:09","date_gmt":"2025-04-10T10:47:09","guid":{"rendered":"https:\/\/allianzglobaldara.com\/?page_id=17092"},"modified":"2025-09-02T08:49:46","modified_gmt":"2025-09-02T08:49:46","slug":"seguros-para-empresas","status":"publish","type":"page","link":"https:\/\/allianzglobaldara.com\/es\/seguros-para-empresas\/","title":{"rendered":"Seguros para empresas"},"content":{"rendered":"<div class=\"wpb-content-wrapper\">[vc_row][vc_column width=\u00bb1\/6&#8243;][\/vc_column][vc_column width=\u00bb2\/3&#8243;][vc_column_text css=\u00bb\u00bb]\n<h2 style=\"text-align: center;\">Seguros para empresas Allianz Global de Ahora<\/h2>\n<h3 style=\"text-align: center;\">Asesores especializados en las necesidades de seguros a la empresa<\/h3>\n[\/vc_column_text][\/vc_column][vc_column width=\u00bb1\/6&#8243;][\/vc_column][\/vc_row][vc_section full_width=\u00bbstretch_row_content\u00bb css=\u00bb.vc_custom_1744368001418{padding-top: 40px !important;padding-bottom: 80px !important;}\u00bb][vc_row column_spacing=\u00bb0px\u00bb gap=\u00bb20&#8243; equal_height=\u00bbyes\u00bb remove_bottom_col_margin=\u00bbtrue\u00bb tablet_fullwidth_cols=\u00bbyes\u00bb css=\u00bb.vc_custom_1744285196609{padding-top: 0px !important;padding-right: 0px !important;padding-bottom: 0px !important;padding-left: 0px !important;}\u00bb max_width_custom=\u00bb1600px\u00bb][vc_column width=\u00bb1\/4&#8243; css=\u00bb.vc_custom_1744282666195{background-color: #F1F5F9 !important;}\u00bb el_id=\u00bbhotdesk\u00bb][vc_single_image image=\u00bb17141&#8243; css=\u00bb\u00bb][vc_row_inner remove_bottom_col_margin=\u00bbtrue\u00bb css=\u00bb.vc_custom_1744282992998{padding-top: 25px !important;padding-right: 8% !important;padding-bottom: 25px !important;padding-left: 8% !important;}\u00bb][vc_column_inner]<style>.vcex-heading.vcex_69e51cff26bbc{font-size:22px;}<\/style><h3 class=\"vcex-heading vcex-heading-plain vcex-module wpex-heading wpex-text-2xl wpex-mb-15 wpex-text-center vcex_69e51cff26bbc\"><span class=\"vcex-heading-inner wpex-inline-block\">Aut\u00f3nomos y Pymes<\/span><\/h3>[vc_column_text css=\u00bb\u00bb text_align=\u00bbcenter\u00bb]Un plan integral que protege tu negocio. Elige las coberturas que mejor se ajusten a tu actividad.[\/vc_column_text][vc_empty_space height=\u00bb30px\u00bb]<div class=\"theme-button-wrap textcenter wpex-clr\"><a href=\"\/es\/seguros-para-empresas\/seguros-para-empresas-y-autonomos\/\" class=\"vcex-button theme-button align-center inline\" title=\"Aut\u00f3nomos y pimes\"><span class=\"vcex-button-inner theme-button-inner wpex-flex wpex-flex-wrap wpex-items-center wpex-justify-center\">M\u00e1s informaci\u00f3n<span class=\"vcex-button-icon vcex-icon-wrap theme-button-icon-right\"><span class=\"wpex-icon wpex-icon--bidi\" aria-hidden=\"true\"><svg xmlns=\"http:\/\/www.w3.org\/2000\/svg\" viewBox=\"0 0 320 512\"><path d=\"M278.6 233.4c12.5 12.5 12.5 32.8 0 45.3l-160 160c-12.5 12.5-32.8 12.5-45.3 0s-12.5-32.8 0-45.3L210.7 256 73.4 118.6c-12.5-12.5-12.5-32.8 0-45.3s32.8-12.5 45.3 0l160 160z\"\/><\/svg><\/span><\/span><\/span><\/a><\/div> [\/vc_column_inner][\/vc_row_inner][\/vc_column][vc_column width=\u00bb1\/4&#8243; css=\u00bb.vc_custom_1744282917144{background-color: #F1F5F9 !important;}\u00bb el_id=\u00bbpersonaldesk\u00bb][vc_single_image image=\u00bb17137&#8243; css=\u00bb\u00bb][vc_row_inner remove_bottom_col_margin=\u00bbtrue\u00bb css=\u00bb.vc_custom_1744283019323{padding-top: 25px !important;padding-right: 8% !important;padding-bottom: 25px !important;padding-left: 8% !important;}\u00bb][vc_column_inner]<style>.vcex-heading.vcex_69e51cff2869e{font-size:22px;}<\/style><h3 class=\"vcex-heading vcex-heading-plain vcex-module wpex-heading wpex-text-2xl wpex-mb-15 wpex-text-center vcex_69e51cff2869e\"><span class=\"vcex-heading-inner wpex-inline-block\">Grandes empresas<\/span><\/h3>[vc_column_text css=\u00bb\u00bb text_align=\u00bbcenter\u00bb]Para grandes equipos y operaciones, existe un seguro a medida. Protege la complejidad de tu negocio y mantengas todo bajo control.[\/vc_column_text][vc_empty_space height=\u00bb30px\u00bb]<div class=\"theme-button-wrap textcenter wpex-clr\"><a href=\"\/es\/seguros-para-empresas\/seguros-para-grandes-empresas\/\" class=\"vcex-button theme-button align-center inline\" title=\"Seguros para grandes empresas\"><span class=\"vcex-button-inner theme-button-inner wpex-flex wpex-flex-wrap wpex-items-center wpex-justify-center\">M\u00e1s informaci\u00f3n<span class=\"vcex-button-icon vcex-icon-wrap theme-button-icon-right\"><span class=\"wpex-icon wpex-icon--bidi\" aria-hidden=\"true\"><svg xmlns=\"http:\/\/www.w3.org\/2000\/svg\" viewBox=\"0 0 320 512\"><path d=\"M278.6 233.4c12.5 12.5 12.5 32.8 0 45.3l-160 160c-12.5 12.5-32.8 12.5-45.3 0s-12.5-32.8 0-45.3L210.7 256 73.4 118.6c-12.5-12.5-12.5-32.8 0-45.3s32.8-12.5 45.3 0l160 160z\"\/><\/svg><\/span><\/span><\/span><\/a><\/div> [\/vc_column_inner][\/vc_row_inner][\/vc_column][vc_column width=\u00bb1\/4&#8243; css=\u00bb.vc_custom_1744282982506{background-color: #F1F5F9 !important;}\u00bb el_id=\u00bbdespatxos\u00bb][vc_single_image image=\u00bb17133&#8243; css=\u00bb\u00bb][vc_row_inner remove_bottom_col_margin=\u00bbtrue\u00bb css=\u00bb.vc_custom_1744283019323{padding-top: 25px !important;padding-right: 8% !important;padding-bottom: 25px !important;padding-left: 8% !important;}\u00bb][vc_column_inner]<style>.vcex-heading.vcex_69e51cff294e0{font-size:22px;}<\/style><h3 class=\"vcex-heading vcex-heading-plain vcex-module wpex-heading wpex-text-2xl wpex-mb-15 wpex-text-center vcex_69e51cff294e0\"><span class=\"vcex-heading-inner wpex-inline-block\">Salud aut\u00f3nomos<\/span><\/h3>[vc_column_text css=\u00bb\u00bb text_align=\u00bbcenter\u00bb]Ser aut\u00f3nomo implica no poder detener la actividad sin afectar tus ingresos. Asegura tu mantenimiento y contin\u00faa avanzando sin preocupaciones.[\/vc_column_text][vc_empty_space height=\u00bb30px\u00bb]<div class=\"theme-button-wrap textcenter wpex-clr\"><a href=\"\/es\/seguros-para-empresas\/seguro-de-incapacidad-laboral-temporal\/\" class=\"vcex-button theme-button align-center inline\" title=\"Seguro de salud para aut\u00f3nomos\"><span class=\"vcex-button-inner theme-button-inner wpex-flex wpex-flex-wrap wpex-items-center wpex-justify-center\">M\u00e1s informaci\u00f3n<span class=\"vcex-button-icon vcex-icon-wrap theme-button-icon-right\"><span class=\"wpex-icon wpex-icon--bidi\" aria-hidden=\"true\"><svg xmlns=\"http:\/\/www.w3.org\/2000\/svg\" viewBox=\"0 0 320 512\"><path d=\"M278.6 233.4c12.5 12.5 12.5 32.8 0 45.3l-160 160c-12.5 12.5-32.8 12.5-45.3 0s-12.5-32.8 0-45.3L210.7 256 73.4 118.6c-12.5-12.5-12.5-32.8 0-45.3s32.8-12.5 45.3 0l160 160z\"\/><\/svg><\/span><\/span><\/span><\/a><\/div> [\/vc_column_inner][\/vc_row_inner][\/vc_column][vc_column width=\u00bb1\/4&#8243; css=\u00bb.vc_custom_1744285090633{background-color: #F1F5F9 !important;}\u00bb][vc_single_image image=\u00bb17129&#8243; css=\u00bb\u00bb][vc_row_inner remove_bottom_col_margin=\u00bbtrue\u00bb css=\u00bb.vc_custom_1744283019323{padding-top: 25px !important;padding-right: 8% !important;padding-bottom: 25px !important;padding-left: 8% !important;}\u00bb][vc_column_inner]<style>.vcex-heading.vcex_69e51cff2a3a8{font-size:22px;}<\/style><h3 class=\"vcex-heading vcex-heading-plain vcex-module wpex-heading wpex-text-2xl wpex-mb-15 wpex-text-center vcex_69e51cff2a3a8\"><span class=\"vcex-heading-inner wpex-inline-block\">Responsabilidad Civil<\/span><\/h3>[vc_column_text css=\u00bb\u00bb text_align=\u00bbcenter\u00bb]Tu negocio necesita apoyo frente a terceros. Incluye la responsabilidad civil en tu p\u00f3liza y opera con tranquilidad.[\/vc_column_text][vc_empty_space height=\u00bb30px\u00bb]<div class=\"theme-button-wrap textcenter wpex-clr\"><a href=\"\/es\/seguros-para-empresas\/seguro-de-responsabilidad-civil\/\" class=\"vcex-button theme-button align-center inline\" title=\"Seguro de responsabilidad civil\"><span class=\"vcex-button-inner theme-button-inner wpex-flex wpex-flex-wrap wpex-items-center wpex-justify-center\">M\u00e1s informaci\u00f3n<span class=\"vcex-button-icon vcex-icon-wrap theme-button-icon-right\"><span class=\"wpex-icon wpex-icon--bidi\" aria-hidden=\"true\"><svg xmlns=\"http:\/\/www.w3.org\/2000\/svg\" viewBox=\"0 0 320 512\"><path d=\"M278.6 233.4c12.5 12.5 12.5 32.8 0 45.3l-160 160c-12.5 12.5-32.8 12.5-45.3 0s-12.5-32.8 0-45.3L210.7 256 73.4 118.6c-12.5-12.5-12.5-32.8 0-45.3s32.8-12.5 45.3 0l160 160z\"\/><\/svg><\/span><\/span><\/span><\/a><\/div> [\/vc_column_inner][\/vc_row_inner][\/vc_column][\/vc_row][\/vc_section][vc_row remove_bottom_col_margin=\u00bbtrue\u00bb][vc_column]<div class=\"templatera_shortcode\"><style type=\"text\/css\" data-type=\"vc_shortcodes-custom-css\">.vc_custom_1744358834087{padding-top: 60px !important;padding-bottom: 60px !important;background-color: #02579E !important;}.vc_custom_1756371132640{padding-bottom: 15px !important;}<\/style><div class=\"vc_section degradat-cta vc_custom_1744358834087 wpex-vc-full-width-section wpex-vc-full-width-section--centered wpex-relative wpex-vc_section-has-fill wpex-vc-reset-negative-margin\"><div class=\"vc_row wpb_row vc_row-fluid vc_column-gap-25 wpex-relative wpex-vc-has-custom-column-spacing wpex-vc-column-spacing-0px no-bottom-margins\"><div class=\"wpb_column vc_column_container vc_col-sm-12\"><div class=\"vc_column-inner\"><div class=\"wpb_wrapper\"><style>.vcex-heading.vcex_69e51cff2efb2{color:var(--wpex-on-accent);font-size:34px;font-weight:400;}<\/style><h2 class=\"vcex-heading vcex-heading-plain vcex-module wpex-heading wpex-text-2xl wpex-mb-20 wpex-text-center vc_custom_1756371132640 vcex_69e51cff2efb2\"><span class=\"vcex-heading-inner wpex-inline-block\">\u00bfTienes dudas? Preg\u00fantanos<\/span><\/h2><\/div><\/div><\/div><\/div><div class=\"vc_row wpb_row vc_row-fluid vc_column-gap-25 vc_row-o-equal-height vc_row-flex wpex-relative wpex-vc-has-custom-column-spacing wpex-vc-column-spacing-0px no-bottom-margins\"><div class=\"wpb_column vc_column_container vc_col-sm-6\"><div class=\"vc_column-inner\"><div class=\"wpb_wrapper\"><div class=\"vcex-spacing wpex-w-100 wpex-clear hidden-phone\"><\/div><style>.vcex-image.vcex_69e51cff303a4 .vcex-image-inner{max-width:100px;}<\/style><figure class=\"vcex-image vcex-module wpex-mb-20 wpex-text-center vcex_69e51cff303a4\"><div class=\"vcex-image-inner wpex-relative wpex-inline-block\"><img width=\"450\" height=\"400\" src=\"https:\/\/allianzglobaldara.com\/wp-content\/uploads\/2025\/04\/icones-cta-phone.png\" class=\"vcex-image-img wpex-align-middle\" alt=\"\" loading=\"lazy\" decoding=\"async\" srcset=\"https:\/\/allianzglobaldara.com\/wp-content\/uploads\/2025\/04\/icones-cta-phone.png 450w, https:\/\/allianzglobaldara.com\/wp-content\/uploads\/2025\/04\/icones-cta-phone-300x267.png 300w\" sizes=\"auto, (max-width: 450px) 100vw, 450px\" \/><\/div><\/figure><style>.vcex-heading.vcex_69e51cff328b3{color:var(--wpex-on-accent);font-size:22px;font-weight:500;}<\/style><div class=\"vcex-heading vcex-heading-plain vcex-module wpex-heading wpex-text-2xl wpex-mb-10 wpex-text-center vcex_69e51cff328b3\"><span class=\"vcex-heading-inner wpex-inline-block\">\u00bfTe llamamos por tel\u00e9fono?<\/span><\/div><style>.vcex-heading.vcex_69e51cff3329d{width:350px;color:var(--wpex-on-accent);font-size:18px;font-weight:300;}<\/style><div class=\"vcex-heading vcex-heading-plain vcex-module wpex-heading wpex-text-2xl wpex-mb-25 wpex-text-center wpex-max-w-100 wpex-mx-auto vcex_69e51cff3329d\"><span class=\"vcex-heading-inner wpex-inline-block\">D\u00e9janos tu tel\u00e9fono y nos pondremos en contacto contigo.<\/span><\/div><style>.vcex-button.vcex_69e51cff33e24:hover{background:#ffffff!important;color:var(--wpex-accent)!important;}.vcex-button.vcex_69e51cff33e24{color:var(--wpex-on-accent)!important;border:1px solid #ffffff;font-size:16px;font-weight:700;}<\/style><div class=\"theme-button-wrap textcenter wpex-clr\"><a href=\"https:\/\/1.envato.market\/EPJRe\" class=\"vcex-button theme-button minimal-border align-center inline popup-te-llamamos vcex_69e51cff33e24\" title=\"Purchase Total\" target=\"_blank\" rel=\"nofollow noopener noreferrer\"><span class=\"vcex-button-inner theme-button-inner wpex-flex wpex-flex-wrap wpex-items-center wpex-justify-center\">Te llamamos gratis<span class=\"vcex-button-icon vcex-icon-wrap theme-button-icon-right\"><span class=\"wpex-icon wpex-icon--bidi\" aria-hidden=\"true\"><svg xmlns=\"http:\/\/www.w3.org\/2000\/svg\" viewBox=\"0 0 320 512\"><path d=\"M278.6 233.4c12.5 12.5 12.5 32.8 0 45.3l-160 160c-12.5 12.5-32.8 12.5-45.3 0s-12.5-32.8 0-45.3L210.7 256 73.4 118.6c-12.5-12.5-12.5-32.8 0-45.3s32.8-12.5 45.3 0l160 160z\"\/><\/svg><\/span><\/span><\/span><\/a><\/div> <div class=\"vcex-column-side-border vcex-column-side-border--right wpex-hidden wpex-md-block wpex-absolute wpex-top-50 wpex-right-0 wpex-max-h-100 wpex-h-100 wpex-w-1px wpex-surface-4 wpex-translate-x-y-50 vcex-right\"><\/div><div class=\"vcex-spacing wpex-w-100 wpex-clear\"><\/div><\/div><\/div><\/div><div class=\"wpb_column vc_column_container vc_col-sm-6\"><div class=\"vc_column-inner\"><div class=\"wpb_wrapper\"><div class=\"vcex-spacing wpex-w-100 wpex-clear hidden-phone\"><\/div><style>.vcex-image.vcex_69e51cff3526a .vcex-image-inner{max-width:100px;}<\/style><figure class=\"vcex-image vcex-module wpex-mb-20 wpex-text-center vcex_69e51cff3526a\"><div class=\"vcex-image-inner wpex-relative wpex-inline-block\"><img width=\"450\" height=\"400\" src=\"https:\/\/allianzglobaldara.com\/wp-content\/uploads\/2025\/04\/icones-cta-whatsapp-1.png\" class=\"vcex-image-img wpex-align-middle\" alt=\"\" loading=\"lazy\" decoding=\"async\" srcset=\"https:\/\/allianzglobaldara.com\/wp-content\/uploads\/2025\/04\/icones-cta-whatsapp-1.png 450w, https:\/\/allianzglobaldara.com\/wp-content\/uploads\/2025\/04\/icones-cta-whatsapp-1-300x267.png 300w\" sizes=\"auto, (max-width: 450px) 100vw, 450px\" \/><\/div><\/figure><style>.vcex-heading.vcex_69e51cff360ba{color:var(--wpex-on-accent);font-size:22px;font-weight:500;}<\/style><div class=\"vcex-heading vcex-heading-plain vcex-module wpex-heading wpex-text-2xl wpex-mb-10 wpex-text-center vcex_69e51cff360ba\"><span class=\"vcex-heading-inner wpex-inline-block\">Escr\u00edbenos por WhatsApp<\/span><\/div><style>.vcex-heading.vcex_69e51cff36837{width:350px;color:var(--wpex-on-accent);font-size:18px;font-weight:300;}<\/style><div class=\"vcex-heading vcex-heading-plain vcex-module wpex-heading wpex-text-2xl wpex-mb-25 wpex-text-center wpex-max-w-100 wpex-mx-auto vcex_69e51cff36837\"><span class=\"vcex-heading-inner wpex-inline-block\">Llama de lunes a jueves de 9.00h a 18.00h y viernes hasta las 17:00h.<\/span><\/div><style>.vcex-button.vcex_69e51cff37001:hover{background:#ffffff!important;color:var(--wpex-accent)!important;}.vcex-button.vcex_69e51cff37001{color:var(--wpex-on-accent)!important;border:1px solid #ffffff;font-size:16px;font-weight:700;}<\/style><div class=\"theme-button-wrap textcenter wpex-clr\"><a href=\"https:\/\/wa.me\/610620385\" class=\"vcex-button theme-button minimal-border align-center inline vcex_69e51cff37001\" title=\"Purchase Total\" target=\"_blank\" rel=\"nofollow noopener noreferrer\"><span class=\"vcex-button-inner theme-button-inner wpex-flex wpex-flex-wrap wpex-items-center wpex-justify-center\">Enviar whatsapp<span class=\"vcex-button-icon vcex-icon-wrap theme-button-icon-right\"><span class=\"wpex-icon wpex-icon--bidi\" aria-hidden=\"true\"><svg xmlns=\"http:\/\/www.w3.org\/2000\/svg\" viewBox=\"0 0 320 512\"><path d=\"M278.6 233.4c12.5 12.5 12.5 32.8 0 45.3l-160 160c-12.5 12.5-32.8 12.5-45.3 0s-12.5-32.8 0-45.3L210.7 256 73.4 118.6c-12.5-12.5-12.5-32.8 0-45.3s32.8-12.5 45.3 0l160 160z\"\/><\/svg><\/span><\/span><\/span><\/a><\/div> <\/div><\/div><\/div><\/div><\/div><\/div>[\/vc_column][\/vc_row]\n<\/div>","protected":false},"excerpt":{"rendered":"Seguros para empresas Allianz Global de Ahora Asesores especializados en las necesidades de seguros a la empresa Aut\u00f3nomos y Pymes Un plan integral que protege tu negocio. Elige las coberturas que mejor se ajusten a tu actividad. M\u00e1s informaci\u00f3n Grandes empresas Para grandes equipos y operaciones, existe un seguro a medida. Protege la complejidad de&hellip;","protected":false},"author":1,"featured_media":3205,"parent":0,"menu_order":0,"comment_status":"closed","ping_status":"closed","template":"","meta":{"_joinchat":[],"footnotes":""},"class_list":["post-17092","page","type-page","status-publish","has-post-thumbnail","hentry","entry","has-media"],"yoast_head":"<!-- This site is optimized with the Yoast SEO plugin v26.9 - https:\/\/yoast.com\/product\/yoast-seo-wordpress\/ -->\n<title>Seguros para empresas - Allianz d&#039;Ara Grup<\/title>\n<meta name=\"description\" content=\"Contracte les assegurances per empreses que necessites amb les millors cobertures. A Allianz d&#039;Ara Grup som agents especialistes al Maresme\" \/>\n<meta name=\"robots\" content=\"index, follow, max-snippet:-1, max-image-preview:large, max-video-preview:-1\" \/>\n<link rel=\"canonical\" href=\"https:\/\/allianzglobaldara.com\/es\/seguros-para-empresas\/\" \/>\n<meta property=\"og:locale\" content=\"es_ES\" \/>\n<meta property=\"og:type\" content=\"article\" \/>\n<meta property=\"og:title\" content=\"Seguros para empresas - Allianz d&#039;Ara Grup\" \/>\n<meta property=\"og:description\" content=\"Contracte les assegurances per empreses que necessites amb les millors cobertures. A Allianz d&#039;Ara Grup som agents especialistes al Maresme\" \/>\n<meta property=\"og:url\" content=\"https:\/\/allianzglobaldara.com\/es\/seguros-para-empresas\/\" \/>\n<meta property=\"og:site_name\" content=\"Allianz d&#039;Ara Grup\" \/>\n<meta property=\"article:modified_time\" content=\"2025-09-02T08:49:46+00:00\" \/>\n<meta property=\"og:image\" content=\"https:\/\/allianzglobaldara.com\/wp-content\/uploads\/2023\/06\/autonomos-pimes-empresa-1.jpg\" \/>\n\t<meta property=\"og:image:width\" content=\"800\" \/>\n\t<meta property=\"og:image:height\" content=\"800\" \/>\n\t<meta property=\"og:image:type\" content=\"image\/jpeg\" \/>\n<meta name=\"twitter:card\" content=\"summary_large_image\" \/>\n<meta name=\"twitter:label1\" content=\"Tiempo de lectura\" \/>\n\t<meta name=\"twitter:data1\" content=\"2 minutos\" \/>\n<script type=\"application\/ld+json\" class=\"yoast-schema-graph\">{\"@context\":\"https:\/\/schema.org\",\"@graph\":[{\"@type\":\"WebPage\",\"@id\":\"https:\/\/allianzglobaldara.com\/es\/seguros-para-empresas\/\",\"url\":\"https:\/\/allianzglobaldara.com\/es\/seguros-para-empresas\/\",\"name\":\"Seguros para empresas - Allianz d&#039;Ara Grup\",\"isPartOf\":{\"@id\":\"https:\/\/allianzglobaldara.com\/#website\"},\"primaryImageOfPage\":{\"@id\":\"https:\/\/allianzglobaldara.com\/es\/seguros-para-empresas\/#primaryimage\"},\"image\":{\"@id\":\"https:\/\/allianzglobaldara.com\/es\/seguros-para-empresas\/#primaryimage\"},\"thumbnailUrl\":\"https:\/\/allianzglobaldara.com\/wp-content\/uploads\/2023\/06\/autonomos-pimes-empresa-1.jpg\",\"datePublished\":\"2025-04-10T10:47:09+00:00\",\"dateModified\":\"2025-09-02T08:49:46+00:00\",\"description\":\"Contracte les assegurances per empreses que necessites amb les millors cobertures. A Allianz d'Ara Grup som agents especialistes al Maresme\",\"breadcrumb\":{\"@id\":\"https:\/\/allianzglobaldara.com\/es\/seguros-para-empresas\/#breadcrumb\"},\"inLanguage\":\"es\",\"potentialAction\":[{\"@type\":\"ReadAction\",\"target\":[\"https:\/\/allianzglobaldara.com\/es\/seguros-para-empresas\/\"]}]},{\"@type\":\"ImageObject\",\"inLanguage\":\"es\",\"@id\":\"https:\/\/allianzglobaldara.com\/es\/seguros-para-empresas\/#primaryimage\",\"url\":\"https:\/\/allianzglobaldara.com\/wp-content\/uploads\/2023\/06\/autonomos-pimes-empresa-1.jpg\",\"contentUrl\":\"https:\/\/allianzglobaldara.com\/wp-content\/uploads\/2023\/06\/autonomos-pimes-empresa-1.jpg\",\"width\":800,\"height\":800},{\"@type\":\"BreadcrumbList\",\"@id\":\"https:\/\/allianzglobaldara.com\/es\/seguros-para-empresas\/#breadcrumb\",\"itemListElement\":[{\"@type\":\"ListItem\",\"position\":1,\"name\":\"Home\",\"item\":\"https:\/\/allianzglobaldara.com\/es\/\"},{\"@type\":\"ListItem\",\"position\":2,\"name\":\"Seguros para empresas\"}]},{\"@type\":\"WebSite\",\"@id\":\"https:\/\/allianzglobaldara.com\/#website\",\"url\":\"https:\/\/allianzglobaldara.com\/\",\"name\":\"Allianz d&#039;Ara Grup\",\"description\":\"Ag\u00e8ncia d&#039;Assegurances Allianz a Matar\u00f3\",\"publisher\":{\"@id\":\"https:\/\/allianzglobaldara.com\/#organization\"},\"potentialAction\":[{\"@type\":\"SearchAction\",\"target\":{\"@type\":\"EntryPoint\",\"urlTemplate\":\"https:\/\/allianzglobaldara.com\/?s={search_term_string}\"},\"query-input\":{\"@type\":\"PropertyValueSpecification\",\"valueRequired\":true,\"valueName\":\"search_term_string\"}}],\"inLanguage\":\"es\"},{\"@type\":\"Organization\",\"@id\":\"https:\/\/allianzglobaldara.com\/#organization\",\"name\":\"Allianz d&#039;Ara Grup\",\"url\":\"https:\/\/allianzglobaldara.com\/\",\"logo\":{\"@type\":\"ImageObject\",\"inLanguage\":\"es\",\"@id\":\"https:\/\/allianzglobaldara.com\/#\/schema\/logo\/image\/\",\"url\":\"https:\/\/allianzglobaldara.com\/wp-content\/uploads\/2024\/03\/FAMILY-OFFICE-dARA-13-1.png\",\"contentUrl\":\"https:\/\/allianzglobaldara.com\/wp-content\/uploads\/2024\/03\/FAMILY-OFFICE-dARA-13-1.png\",\"width\":472,\"height\":194,\"caption\":\"Allianz d&#039;Ara Grup\"},\"image\":{\"@id\":\"https:\/\/allianzglobaldara.com\/#\/schema\/logo\/image\/\"}}]}<\/script>\n<!-- \/ Yoast SEO plugin. -->","yoast_head_json":{"title":"Seguros para empresas - Allianz d&#039;Ara Grup","description":"Contracte les assegurances per empreses que necessites amb les millors cobertures. A Allianz d'Ara Grup som agents especialistes al Maresme","robots":{"index":"index","follow":"follow","max-snippet":"max-snippet:-1","max-image-preview":"max-image-preview:large","max-video-preview":"max-video-preview:-1"},"canonical":"https:\/\/allianzglobaldara.com\/es\/seguros-para-empresas\/","og_locale":"es_ES","og_type":"article","og_title":"Seguros para empresas - Allianz d&#039;Ara Grup","og_description":"Contracte les assegurances per empreses que necessites amb les millors cobertures. A Allianz d'Ara Grup som agents especialistes al Maresme","og_url":"https:\/\/allianzglobaldara.com\/es\/seguros-para-empresas\/","og_site_name":"Allianz d&#039;Ara Grup","article_modified_time":"2025-09-02T08:49:46+00:00","og_image":[{"width":800,"height":800,"url":"https:\/\/allianzglobaldara.com\/wp-content\/uploads\/2023\/06\/autonomos-pimes-empresa-1.jpg","type":"image\/jpeg"}],"twitter_card":"summary_large_image","twitter_misc":{"Tiempo de lectura":"2 minutos"},"schema":{"@context":"https:\/\/schema.org","@graph":[{"@type":"WebPage","@id":"https:\/\/allianzglobaldara.com\/es\/seguros-para-empresas\/","url":"https:\/\/allianzglobaldara.com\/es\/seguros-para-empresas\/","name":"Seguros para empresas - Allianz d&#039;Ara Grup","isPartOf":{"@id":"https:\/\/allianzglobaldara.com\/#website"},"primaryImageOfPage":{"@id":"https:\/\/allianzglobaldara.com\/es\/seguros-para-empresas\/#primaryimage"},"image":{"@id":"https:\/\/allianzglobaldara.com\/es\/seguros-para-empresas\/#primaryimage"},"thumbnailUrl":"https:\/\/allianzglobaldara.com\/wp-content\/uploads\/2023\/06\/autonomos-pimes-empresa-1.jpg","datePublished":"2025-04-10T10:47:09+00:00","dateModified":"2025-09-02T08:49:46+00:00","description":"Contracte les assegurances per empreses que necessites amb les millors cobertures. A Allianz d'Ara Grup som agents especialistes al Maresme","breadcrumb":{"@id":"https:\/\/allianzglobaldara.com\/es\/seguros-para-empresas\/#breadcrumb"},"inLanguage":"es","potentialAction":[{"@type":"ReadAction","target":["https:\/\/allianzglobaldara.com\/es\/seguros-para-empresas\/"]}]},{"@type":"ImageObject","inLanguage":"es","@id":"https:\/\/allianzglobaldara.com\/es\/seguros-para-empresas\/#primaryimage","url":"https:\/\/allianzglobaldara.com\/wp-content\/uploads\/2023\/06\/autonomos-pimes-empresa-1.jpg","contentUrl":"https:\/\/allianzglobaldara.com\/wp-content\/uploads\/2023\/06\/autonomos-pimes-empresa-1.jpg","width":800,"height":800},{"@type":"BreadcrumbList","@id":"https:\/\/allianzglobaldara.com\/es\/seguros-para-empresas\/#breadcrumb","itemListElement":[{"@type":"ListItem","position":1,"name":"Home","item":"https:\/\/allianzglobaldara.com\/es\/"},{"@type":"ListItem","position":2,"name":"Seguros para empresas"}]},{"@type":"WebSite","@id":"https:\/\/allianzglobaldara.com\/#website","url":"https:\/\/allianzglobaldara.com\/","name":"Allianz d&#039;Ara Grup","description":"Ag\u00e8ncia d&#039;Assegurances Allianz a Matar\u00f3","publisher":{"@id":"https:\/\/allianzglobaldara.com\/#organization"},"potentialAction":[{"@type":"SearchAction","target":{"@type":"EntryPoint","urlTemplate":"https:\/\/allianzglobaldara.com\/?s={search_term_string}"},"query-input":{"@type":"PropertyValueSpecification","valueRequired":true,"valueName":"search_term_string"}}],"inLanguage":"es"},{"@type":"Organization","@id":"https:\/\/allianzglobaldara.com\/#organization","name":"Allianz d&#039;Ara Grup","url":"https:\/\/allianzglobaldara.com\/","logo":{"@type":"ImageObject","inLanguage":"es","@id":"https:\/\/allianzglobaldara.com\/#\/schema\/logo\/image\/","url":"https:\/\/allianzglobaldara.com\/wp-content\/uploads\/2024\/03\/FAMILY-OFFICE-dARA-13-1.png","contentUrl":"https:\/\/allianzglobaldara.com\/wp-content\/uploads\/2024\/03\/FAMILY-OFFICE-dARA-13-1.png","width":472,"height":194,"caption":"Allianz d&#039;Ara Grup"},"image":{"@id":"https:\/\/allianzglobaldara.com\/#\/schema\/logo\/image\/"}}]}},"_links":{"self":[{"href":"https:\/\/allianzglobaldara.com\/es\/wp-json\/wp\/v2\/pages\/17092","targetHints":{"allow":["GET"]}}],"collection":[{"href":"https:\/\/allianzglobaldara.com\/es\/wp-json\/wp\/v2\/pages"}],"about":[{"href":"https:\/\/allianzglobaldara.com\/es\/wp-json\/wp\/v2\/types\/page"}],"author":[{"embeddable":true,"href":"https:\/\/allianzglobaldara.com\/es\/wp-json\/wp\/v2\/users\/1"}],"replies":[{"embeddable":true,"href":"https:\/\/allianzglobaldara.com\/es\/wp-json\/wp\/v2\/comments?post=17092"}],"version-history":[{"count":8,"href":"https:\/\/allianzglobaldara.com\/es\/wp-json\/wp\/v2\/pages\/17092\/revisions"}],"predecessor-version":[{"id":31454,"href":"https:\/\/allianzglobaldara.com\/es\/wp-json\/wp\/v2\/pages\/17092\/revisions\/31454"}],"wp:featuredmedia":[{"embeddable":true,"href":"https:\/\/allianzglobaldara.com\/es\/wp-json\/wp\/v2\/media\/3205"}],"wp:attachment":[{"href":"https:\/\/allianzglobaldara.com\/es\/wp-json\/wp\/v2\/media?parent=17092"}],"curies":[{"name":"wp","href":"https:\/\/api.w.org\/{rel}","templated":true}]}}